{"id":991,"date":"2016-03-10T08:36:54","date_gmt":"2016-03-10T08:36:54","guid":{"rendered":"http:\/\/xobu5997.odns.fr\/?page_id=991"},"modified":"2025-10-14T14:04:05","modified_gmt":"2025-10-14T14:04:05","slug":"commandeurs","status":"publish","type":"page","link":"https:\/\/commanderiecotesdurhone.fr\/en\/les-baronnies\/la-baronnerie-liege\/commandeurs\/","title":{"rendered":"Commandeurs"},"content":{"rendered":"<p class=\"qtranxs-available-languages-message qtranxs-available-languages-message-en\">Sorry, this entry is only available in <a href=\"https:\/\/commanderiecotesdurhone.fr\/fr\/wp-json\/wp\/v2\/pages\/991\" class=\"qtranxs-available-language-link qtranxs-available-language-link-fr\" title=\"Fran\u00e7ais\">French<\/a>. For the sake of viewer convenience, the content is shown below in the alternative language. You may click the link to switch the active language.<\/p><blockquote><p><a href=\"http:\/\/xobu5997.odns.fr\/wp-content\/uploads\/2016\/03\/2559384d56.jpg\"><img decoding=\"async\" loading=\"lazy\" class=\"size-full wp-image-999 alignleft\" src=\"http:\/\/xobu5997.odns.fr\/wp-content\/uploads\/2016\/03\/2559384d56.jpg\" alt=\"2559384d56\" width=\"226\" height=\"166\" \/><\/a><\/p>\n<p><span style=\"font-size: 18pt;\">Boulevard de Froidmont, 34<\/span><br \/>\n<span style=\"font-size: 18pt;\"> B-4020 Li\u00e8ge<\/span><br \/>\n<span style=\"font-size: 18pt;\"> Belgique<\/span><\/p>\n<p><span style=\"font-size: 18pt;\">Courriel g\u00e9n\u00e9ral : <a class=\"external-link-new-window\" title=\"email baronnie li\u00e8goise\" href=\"http:\/\/baronnieliegeoise@cotesdurhone.be\/\" target=\"_top\" rel=\"noopener\">pl@enjeu.be<\/a><\/span><\/p><\/blockquote>\n<div class=\"commanderList\">\n<div class=\"eMail\">\n<blockquote>\n<div class=\"fullName\"><span style=\"font-size: 18pt;\">LUTHERS Pierre,<\/span><\/div>\n<div class=\"rank\"><span style=\"font-size: 18pt;\">consul<\/span><\/div>\n<div class=\"fullName\"><span style=\"font-size: 18pt;\"><a href=\"mailto:pierre.martin@sudpresse.be\">pl@enjeu.be<\/a><\/span><\/div>\n<div class=\"fullName\"><\/div>\n<div class=\"rank\"><span style=\"font-size: 18pt;\">MARTIN Pierre,<\/span><\/div>\n<div class=\"eMail\"><span style=\"font-size: 18pt;\">commandeur epistolier<\/span><\/div>\n<div class=\"eMail\"><span style=\"font-size: 18pt;\"><a href=\"mailto:pierre.martin@sudpresse.be\">pierre.martin@sudpresse.be<\/a><\/span><\/div>\n<\/blockquote>\n<\/div>\n<\/div>\n<blockquote>\n<div class=\"commanderList\">\n<div class=\"fullName\"><span style=\"font-size: 18pt;\">BONNECHERE Richard,<\/span><\/div>\n<div class=\"rank\"><span style=\"font-size: 18pt;\">commandeur<\/span><\/div>\n<div class=\"eMail\"><span style=\"font-size: 18pt;\"><a href=\"mailto:richard.bonnechere@live.be\">richard.bonnechere@live.be<\/a><\/span><\/div>\n<\/div>\n<div class=\"commanderList\">\n<div class=\"fullName\"><span style=\"font-size: 18pt;\">CASARIL Alain ,<\/span><\/div>\n<div class=\"rank\"><span style=\"font-size: 18pt;\">commandeur<\/span><\/div>\n<div class=\"eMail\"><span style=\"font-size: 18pt;\"><a href=\"mailto:lassineacasaril@gmail.com\">lassineacasaril@gmail.com<\/a><\/span><\/div>\n<\/div>\n<div class=\"commanderList\">\n<div class=\"fullName\"><span style=\"font-size: 18pt;\">COOLEN Denis,<\/span><\/div>\n<div class=\"rank\"><span style=\"font-size: 18pt;\">commandeur<\/span><\/div>\n<div class=\"eMail\"><span style=\"font-size: 18pt;\"><a href=\"mailto:deniscoolen@skynet.be\">deniscoolen@skynet.be<\/a><\/span><\/div>\n<\/div>\n<div class=\"commanderList\">\n<div class=\"fullName\"><span style=\"font-size: 18pt;\">NIKELMANN Guy,<\/span><\/div>\n<div class=\"rank\"><span style=\"font-size: 18pt;\">commandeur<\/span><\/div>\n<div class=\"eMail\"><span style=\"font-size: 18pt;\"><a href=\"mailto:guy.nikelmann@hotmail.com\">guy.nikelmann@hotmail.com<\/a><\/span><\/div>\n<\/div>\n<div class=\"commanderList\">\n<div class=\"fullName\"><span style=\"font-size: 18pt;\">WOLFS Jacques,<\/span><\/div>\n<div class=\"rank\"><span style=\"font-size: 18pt;\">commandeur<\/span><\/div>\n<div class=\"eMail\"><span style=\"font-size: 18pt;\"><a href=\"mailto:jacques.wolfs@live.be\">jacques.wolfs@live.be<\/a><\/span><\/div>\n<\/div>\n<div class=\"commanderList\">\n<div class=\"fullName\"><span style=\"font-size: 18pt;\">CHAVANNE Jean,<\/span><\/div>\n<div class=\"rank\"><span style=\"font-size: 18pt;\">commandeur<\/span><\/div>\n<div class=\"eMail\"><span style=\"font-size: 18pt;\"><a href=\"mailto:jean.chavanne@liege.be\">jean.chavanne@liege.be<\/a><\/span><\/div>\n<\/div>\n<div class=\"commanderList\">\n<div class=\"fullName\"><span style=\"font-size: 18pt;\">PETIT Pierre,<\/span><\/div>\n<div class=\"rank\"><span style=\"font-size: 18pt;\">commandeur<\/span><\/div>\n<div class=\"eMail\"><span style=\"font-size: 18pt;\"><a href=\"mailto:ppetit.pierre@skynet.be\">ppetit.pierre@skynet.be<\/a><\/span><\/div>\n<div class=\"eMail\"><\/div>\n<\/div>\n<\/blockquote>\n<blockquote>\n<div class=\"eMail\">\n<div class=\"fullName\"><span style=\"font-size: 18pt;\">LUTHERS S\u00e9bastien,<\/span><\/div>\n<div class=\"rank\"><span style=\"font-size: 18pt;\">commandeur<\/span><\/div>\n<div class=\"clear\"><span style=\"font-size: 18pt;\"><a href=\"mailto:ppetit.pierre@skynet.be\">s.luthers@lacavedesvignerons.be<\/a><br \/>\n<\/span><\/div>\n<div class=\"clear\"><\/div>\n<\/div>\n<div class=\"commanderList\">\n<div class=\"fullName\"><span style=\"font-size: 18pt;\">THIRION Ren\u00e9 G.,<\/span><\/div>\n<div class=\"rank\"><span style=\"font-size: 18pt;\">commandeur <\/span><\/div>\n<div class=\"rank\"><span style=\"font-size: 18pt;\"><a href=\"mailto:rene.thirion@skynet.be\">rene.thirion@skynet.be<\/a><\/span><\/div>\n<\/div>\n<div class=\"commanderList\">\n<div class=\"fullName\"><span style=\"font-size: 18pt;\">THYSE Albert,<\/span><\/div>\n<div class=\"rank\"><span style=\"font-size: 18pt;\">commandeur<\/span><\/div>\n<div class=\"eMail\"><span style=\"font-size: 18pt;\"><a href=\"mailto:albert.thyse@skynet.be\">albert.thyse@skynet.be<\/a><\/span><\/div>\n<div class=\"eMail\"><\/div>\n<\/div>\n<div class=\"eMail\">\n<div class=\"fullName\"><span style=\"font-size: 18pt;\">VANDERSANDEN Christian,<\/span><\/div>\n<div class=\"rank\"><span style=\"font-size: 18pt;\">commandeur honoraire<\/span><\/div>\n<div class=\"eMail\"><span style=\"font-size: 18pt;\"><a href=\"mailto:c.vandersanden@skynet.be\">c.vandersanden@skynet.be<\/a><\/span><\/div>\n<\/div>\n<div class=\"commanderList\">\n<div class=\"fullName\"><span style=\"font-size: 18pt;\">DOR St\u00e9phane,<\/span><\/div>\n<div class=\"rank\"><span style=\"font-size: 18pt;\">officier<\/span><\/div>\n<div class=\"eMail\"><span style=\"font-size: 18pt;\"><a href=\"mailto:sdor@sdireal.com\">sdor@sdireal.com<\/a><\/span><\/div>\n<\/div>\n<div class=\"commanderList\">\n<div class=\"fullName\"><span style=\"font-size: 18pt;\">LAROCHE Alain,<\/span><\/div>\n<div class=\"rank\"><span style=\"font-size: 18pt;\">officier<\/span><\/div>\n<div class=\"eMail\"><span style=\"font-size: 18pt;\"><a href=\"mailto:alain.laroche@skynet.be\">alain.laroche@skynet.be<\/a><\/span><\/div>\n<\/div>\n<div class=\"commanderList\">\n<div class=\"fullName\"><span style=\"font-size: 18pt;\">REUTER Pierre,<\/span><\/div>\n<div class=\"rank\"><span style=\"font-size: 18pt;\">officier<\/span><\/div>\n<div class=\"eMail\"><span style=\"font-size: 18pt;\"><a href=\"mailto:pierre.reuter@hotmail.com\">pierre.reuter@hotmail.com<\/a><\/span><\/div>\n<\/div>\n<div class=\"commanderList\">\n<div class=\"fullName\"><span style=\"font-size: 18pt;\">CABAY Guy,<\/span><\/div>\n<div class=\"rank\"><span style=\"font-size: 18pt;\">officier<\/span><\/div>\n<div class=\"eMail\"><span style=\"font-size: 18pt;\"><a href=\"mailto:laca@skynet.be\">laca@skynet.be<\/a><\/span><\/div>\n<\/div>\n<div class=\"commanderList\">\n<div class=\"fullName\"><span style=\"font-size: 18pt;\">WILKIN Maurice,<\/span><\/div>\n<div class=\"rank\"><span style=\"font-size: 18pt;\">officier<\/span><\/div>\n<div class=\"eMail\"><span style=\"font-size: 18pt;\"><a href=\"mailto:mauricewilkin@hotmail.com\">mauricewilkin@hotmail.com<\/a><\/span><\/div>\n<\/div>\n<div class=\"commanderList\">\n<div class=\"fullName\"><span style=\"font-size: 18pt;\">RAICK L\u00e9on,<\/span><\/div>\n<div class=\"rank\"><span style=\"font-size: 18pt;\">officier<\/span><\/div>\n<div class=\"eMail\"><span style=\"font-size: 18pt;\"><a href=\"mailto:leon.raick@skynet.be\">leon.raick@skynet.be<\/a><\/span><\/div>\n<\/div>\n<div class=\"commanderList\">\n<div class=\"fullName\"><span style=\"font-size: 18pt;\">VERHOEST Joseph,<\/span><\/div>\n<div class=\"rank\"><span style=\"font-size: 18pt;\">officier<\/span><\/div>\n<div class=\"eMail\"><span style=\"font-size: 18pt;\"><a href=\"mailto:jo.verhoest@gmail.com\">jo.verhoest@gmail.com<\/a><\/span><\/div>\n<\/div>\n<div class=\"commanderList\">\n<div class=\"fullName\"><span style=\"font-size: 18pt;\">DUPONT Michel,<\/span><\/div>\n<div class=\"rank\"><span style=\"font-size: 18pt;\">officier<\/span><\/div>\n<div class=\"eMail\"><span style=\"font-size: 18pt;\"><a href=\"mailto:michel_dupont@be.ibm.com\">michel_dupont@be.ibm.com<\/a><\/span><\/div>\n<\/div>\n<div class=\"commanderList\">\n<div class=\"fullName\"><span style=\"font-size: 18pt;\">PIROTTE Guy,<\/span><\/div>\n<div class=\"rank\"><span style=\"font-size: 18pt;\">officier<\/span><\/div>\n<div class=\"eMail\"><span style=\"font-size: 18pt;\"><a href=\"mailto:g.pirotte@skynet.be\">g.pirotte@skynet.be<\/a><\/span><\/div>\n<\/div>\n<div class=\"commanderList\">\n<div class=\"fullName\"><span style=\"font-size: 18pt;\">SBRASCINI Mireille,<\/span><\/div>\n<div class=\"rank\"><span style=\"font-size: 18pt;\">commandeur<\/span><\/div>\n<div class=\"eMail\"><span style=\"font-size: 18pt;\"><a href=\"mailto:mireillesbrascini@gmail.com\">mireillesbrascini@gmail.com<\/a><\/span><\/div>\n<\/div>\n<div class=\"commanderList\">\n<div class=\"fullName\"><span style=\"font-size: 18pt;\">KEPPENNE L\u00e9on,<\/span><\/div>\n<div class=\"rank\"><span style=\"font-size: 18pt;\">officier<\/span><\/div>\n<div class=\"eMail\"><span style=\"font-size: 18pt;\"><a href=\"mailto:akb@skynet.be\">akb@skynet.be<\/a><\/span><\/div>\n<\/div>\n<div class=\"commanderList\">\n<div class=\"fullName\"><span style=\"font-size: 18pt;\">HOUTAIN Alain,<\/span><\/div>\n<div class=\"rank\"><span style=\"font-size: 18pt;\">officier<\/span><\/div>\n<div class=\"eMail\"><span style=\"font-size: 18pt;\"><a href=\"mailto:ahoutain@voo.be\">ahoutain@voo.be<\/a><\/span><\/div>\n<\/div>\n<div class=\"commanderList\">\n<div class=\"fullName\"><span style=\"font-size: 18pt;\">RENSON Jean-Louis,<\/span><\/div>\n<div class=\"rank\"><span style=\"font-size: 18pt;\">officier<\/span><\/div>\n<div class=\"eMail\"><span style=\"font-size: 18pt;\"><a href=\"mailto:lepavillondechasse@skynet.be\">lepavillondechasse@skynet.be<\/a><\/span><\/div>\n<\/div>\n<div class=\"commanderList\">\n<div class=\"fullName\"><span style=\"font-size: 18pt;\">HOSAY Thierry,<\/span><\/div>\n<div class=\"rank\"><span style=\"font-size: 18pt;\">officier<\/span><\/div>\n<div class=\"eMail\"><span style=\"font-size: 18pt;\"><a href=\"mailto:thierryhosay@yahoo.com\">thierryhosay@yahoo.com<\/a><\/span><\/div>\n<\/div>\n<div class=\"commanderList\">\n<div class=\"fullName\"><span style=\"font-size: 18pt;\">COUTELIER Alain,<\/span><\/div>\n<div class=\"rank\"><span style=\"font-size: 18pt;\">officier<\/span><\/div>\n<div class=\"eMail\"><span style=\"font-size: 18pt;\"><a href=\"mailto:a.coutelier@gmail.com\">a.coutelier@gmail.com<\/a><\/span><\/div>\n<\/div>\n<div class=\"commanderList\">\n<div class=\"fullName\"><span style=\"font-size: 18pt;\">HENRY Jos\u00e9,<\/span><\/div>\n<div class=\"rank\"><span style=\"font-size: 18pt;\">commandeur honoraire<\/span><\/div>\n<div class=\"eMail\"><span style=\"font-size: 18pt;\"><a href=\"mailto:johensery@gmail.com\">johensery@gmail.com<\/a><\/span><\/div>\n<\/div>\n<div class=\"commanderList\">\n<div class=\"fullName\"><span style=\"font-size: 18pt;\">NIKELMANN Andr\u00e9e,<\/span><\/div>\n<\/div>\n<div class=\"commanderList\">\n<div class=\"rank\"><span style=\"font-size: 18pt;\">officier<\/span><\/div>\n<\/div>\n<div class=\"commanderList\">\n<div class=\"eMail\"><span style=\"font-size: 18pt;\"><a href=\"mailto:nikelmann.andree@gmail.com\">nikelmann.andree@gmail.com<\/a><\/span><\/div>\n<\/div>\n<div class=\"commanderList\">\n<div class=\"fullName\"><span style=\"font-size: 18pt;\">COURTOIS Andr\u00e9,<\/span><\/div>\n<\/div>\n<div class=\"commanderList\">\n<div class=\"eMail\"><span style=\"font-size: 18pt;\">officier<\/span><\/div>\n<div class=\"eMail\"><span style=\"font-size: 18pt;\"><a href=\"mailto:aamcourtois@hotmail.com\">aamcourtois@hotmail.com<\/a><\/span><\/div>\n<\/div>\n<\/blockquote>","protected":false},"excerpt":{"rendered":"<p>Sorry, this entry is only available in French. For the sake of viewer convenience, the content is shown below in the alternative language. You may click the link to switch the active language. Boulevard de Froidmont, 34 B-4020 Li\u00e8ge Belgique Courriel g\u00e9n\u00e9ral : pl@enjeu.be LUTHERS Pierre, consul pl@enjeu.be MARTIN Pierre, commandeur epistolier pierre.martin@sudpresse.be BONNECHERE Richard, commandeur richard.bonnechere@live.be CASARIL Alain , commandeur lassineacasaril@gmail.com COOLEN Denis, commandeur deniscoolen@skynet.be NIKELMANN Guy, commandeur guy.nikelmann@hotmail.com WOLFS Jacques, commandeur jacques.wolfs@live.be CHAVANNE Jean, commandeur jean.chavanne@liege.be PETIT Pierre, commandeur ppetit.pierre@skynet.be LUTHERS S\u00e9bastien, commandeur s.luthers@lacavedesvignerons.be THIRION Ren\u00e9 G., commandeur rene.thirion@skynet.be THYSE Albert, commandeur albert.thyse@skynet.be VANDERSANDEN Christian, commandeur honoraire c.vandersanden@skynet.be DOR St\u00e9phane, officier sdor@sdireal.com LAROCHE Alain, officier alain.laroche@skynet.be REUTER Pierre, officier pierre.reuter@hotmail.com CABAY Guy, officier laca@skynet.be WILKIN Maurice, officier mauricewilkin@hotmail.com RAICK L\u00e9on, officier leon.raick@skynet.be VERHOEST Joseph, officier jo.verhoest@gmail.com DUPONT Michel, officier michel_dupont@be.ibm.com PIROTTE Guy, officier g.pirotte@skynet.be SBRASCINI Mireille, commandeur mireillesbrascini@gmail.com KEPPENNE L\u00e9on, officier akb@skynet.be HOUTAIN Alain, officier ahoutain@voo.be RENSON Jean-Louis, officier lepavillondechasse@skynet.be HOSAY Thierry, officier thierryhosay@yahoo.com COUTELIER Alain, officier a.coutelier@gmail.com HENRY Jos\u00e9, commandeur honoraire johensery@gmail.com NIKELMANN Andr\u00e9e, officier nikelmann.andree@gmail.com COURTOIS Andr\u00e9, officier aamcourtois@hotmail.com<\/p>\n","protected":false},"author":1,"featured_media":0,"parent":88,"menu_order":0,"comment_status":"closed","ping_status":"closed","template":"","meta":[],"_links":{"self":[{"href":"https:\/\/commanderiecotesdurhone.fr\/en\/wp-json\/wp\/v2\/pages\/991"}],"collection":[{"href":"https:\/\/commanderiecotesdurhone.fr\/en\/wp-json\/wp\/v2\/pages"}],"about":[{"href":"https:\/\/commanderiecotesdurhone.fr\/en\/wp-json\/wp\/v2\/types\/page"}],"author":[{"embeddable":true,"href":"https:\/\/commanderiecotesdurhone.fr\/en\/wp-json\/wp\/v2\/users\/1"}],"replies":[{"embeddable":true,"href":"https:\/\/commanderiecotesdurhone.fr\/en\/wp-json\/wp\/v2\/comments?post=991"}],"version-history":[{"count":7,"href":"https:\/\/commanderiecotesdurhone.fr\/en\/wp-json\/wp\/v2\/pages\/991\/revisions"}],"predecessor-version":[{"id":4645,"href":"https:\/\/commanderiecotesdurhone.fr\/en\/wp-json\/wp\/v2\/pages\/991\/revisions\/4645"}],"up":[{"embeddable":true,"href":"https:\/\/commanderiecotesdurhone.fr\/en\/wp-json\/wp\/v2\/pages\/88"}],"wp:attachment":[{"href":"https:\/\/commanderiecotesdurhone.fr\/en\/wp-json\/wp\/v2\/media?parent=991"}],"curies":[{"name":"wp","href":"https:\/\/api.w.org\/{rel}","templated":true}]}}