{"id":8,"date":"2015-10-14T08:08:57","date_gmt":"2015-10-14T08:08:57","guid":{"rendered":"http:\/\/xobu5997.odns.fr\/?page_id=8"},"modified":"2023-08-15T15:44:16","modified_gmt":"2023-08-15T15:44:16","slug":"la-commanderie-en-france","status":"publish","type":"page","link":"https:\/\/commanderiecotesdurhone.fr\/en\/la-commanderie-en-france\/","title":{"rendered":"La Commanderie in France"},"content":{"rendered":"<p style=\"text-align: left;\"><div class=\"faq-testimonials\"><div>\n\t\t\t\t<div class=\"thumb\">\n\t\t\t\t\t<a href=\"\"><img src=\"\/wp-content\/uploads\/2015\/10\/RTEmagicC_grapes-pic_03.png.png\" alt=\"\"><\/a>\n\t\t\t\t<\/div>\n\t\t\t\t<div class=\"text\">\n\t\t\t\t\t<i class=\"fa fa-quote-left\"><\/i>\n\t\t\t\t\t<p>\n<p>La-Commanderie is under the direction of Patrick Galant, the Grand Master and is served by the Commanders, Officers and Knights.<\/p>\n<p>It has its headquarters, as the University of Wine at Ch\u00e2teau de Suze-la-Rousse in the Dr\u00f4me Proven\u00e7ale. It was created in 1973 by Max Aubert, the first Grand Master, now disappeared.<\/p>\n<p>She has eight baronies in the world: Li\u00e8ge and Ghent in Belgium, Montreux, Switzerland, Quebec, Drummondville and Montreal in Canada, the USA and the Philadelphia Palatinate in Germany<br \/>\nIts main tasks the defense and promotion of C\u00f4tes du Rh\u00f4ne wines and the vineyard and wine culture. It publishes a newsletter<\/p>\n<p>It conducts annual in &#8220;Goutillonnage&#8221; true quality certificate for C\u00f4tes du Rh\u00f4ne wines awarded by a panel of professional tasters<\/p>\n<p>The dubbing Commandeurs is the seat of the Commandery and inductions are in chapters both in the Rhone region in foreign baronies which are headed by a Consul representing the Grand Master.<\/p>\n<\/p>\n\t\t\t\t\t<a target=\"_blank\" href=\"\"><small><\/small><\/a>\n\t\t\t\t<\/div>\n\t\t\t\t\n\t\t\t<\/div><\/div>","protected":false},"excerpt":{"rendered":"","protected":false},"author":1,"featured_media":0,"parent":0,"menu_order":0,"comment_status":"closed","ping_status":"closed","template":"","meta":[],"_links":{"self":[{"href":"https:\/\/commanderiecotesdurhone.fr\/en\/wp-json\/wp\/v2\/pages\/8"}],"collection":[{"href":"https:\/\/commanderiecotesdurhone.fr\/en\/wp-json\/wp\/v2\/pages"}],"about":[{"href":"https:\/\/commanderiecotesdurhone.fr\/en\/wp-json\/wp\/v2\/types\/page"}],"author":[{"embeddable":true,"href":"https:\/\/commanderiecotesdurhone.fr\/en\/wp-json\/wp\/v2\/users\/1"}],"replies":[{"embeddable":true,"href":"https:\/\/commanderiecotesdurhone.fr\/en\/wp-json\/wp\/v2\/comments?post=8"}],"version-history":[{"count":18,"href":"https:\/\/commanderiecotesdurhone.fr\/en\/wp-json\/wp\/v2\/pages\/8\/revisions"}],"predecessor-version":[{"id":4443,"href":"https:\/\/commanderiecotesdurhone.fr\/en\/wp-json\/wp\/v2\/pages\/8\/revisions\/4443"}],"wp:attachment":[{"href":"https:\/\/commanderiecotesdurhone.fr\/en\/wp-json\/wp\/v2\/media?parent=8"}],"curies":[{"name":"wp","href":"https:\/\/api.w.org\/{rel}","templated":true}]}}