{"id":3029,"date":"2018-06-05T15:10:33","date_gmt":"2018-06-05T15:10:33","guid":{"rendered":"http:\/\/xobu5997.odns.fr\/?page_id=3029"},"modified":"2018-07-16T13:01:54","modified_gmt":"2018-07-16T13:01:54","slug":"la-fiancee-des-cotes-du-rhone","status":"publish","type":"page","link":"https:\/\/commanderiecotesdurhone.fr\/en\/la-fiancee-des-cotes-du-rhone\/","title":{"rendered":"The Fianc\u00e9e of C\u00f4tes du Rh\u00f4ne"},"content":{"rendered":"<p style=\"text-align: center\"><a href=\"http:\/\/xobu5997.odns.fr\/wp-content\/uploads\/2017\/03\/commanderie2-1.jpg\"><img decoding=\"async\" loading=\"lazy\" class=\"size-full wp-image-2169 aligncenter\" src=\"http:\/\/xobu5997.odns.fr\/wp-content\/uploads\/2017\/03\/commanderie2-1.jpg\" alt=\"\" width=\"3872\" height=\"2592\" srcset=\"https:\/\/commanderiecotesdurhone.fr\/wp-content\/uploads\/2017\/03\/commanderie2-1.jpg 3872w, https:\/\/commanderiecotesdurhone.fr\/wp-content\/uploads\/2017\/03\/commanderie2-1-300x201.jpg 300w, https:\/\/commanderiecotesdurhone.fr\/wp-content\/uploads\/2017\/03\/commanderie2-1-768x514.jpg 768w, https:\/\/commanderiecotesdurhone.fr\/wp-content\/uploads\/2017\/03\/commanderie2-1-1024x685.jpg 1024w\" sizes=\"(max-width: 3872px) 100vw, 3872px\" \/><\/a><\/p>\n<p>&nbsp;<\/p>\n<p style=\"text-align: center\"><a href=\"http:\/\/xobu5997.odns.fr\/wp-content\/uploads\/2017\/03\/commanderie2-1.jpg\"><strong><span style=\"color: #000000\">On the occasion of the 40th anniversary of the Commanderie (July 2013)<\/span>\u00a0<\/strong><\/a><\/p>\n<p>&nbsp;<\/p>\n<p style=\"text-align: center\"><strong><span style=\"text-decoration: underline\">The Fianc\u00e9e of C\u00f4tes du Rh\u00f4ne<\/span><\/strong><\/p>\n<p>&nbsp;<\/p>\n<p style=\"text-align: center\"><span style=\"font-size: 14px\">She is resplendent and in the prime of life <\/span><\/p>\n<p style=\"text-align: center\"><span style=\"font-size: 14px\">Illuminating these places, features of her face, <\/span><\/p>\n<p style=\"text-align: center\"><span style=\"font-size: 14px\">Attentive to my voice, she listens to these words <\/span><\/p>\n<p style=\"text-align: center\"><span style=\"font-size: 14px\">As at the very first day, mistress in her castle!<\/span><\/p>\n<p>&nbsp;<\/p>\n<p style=\"text-align: center\"><span style=\"font-size: 14px\">His devoted thoughts to beautiful and noble cause <\/span><\/p>\n<p style=\"text-align: center\"><span style=\"font-size: 14px\">Where fidelity and virtue are needed <\/span><\/p>\n<p style=\"text-align: center\"><span style=\"font-size: 14px\">Attack my desires to taste with joy <\/span><\/p>\n<p style=\"text-align: center\"><span style=\"font-size: 14px\">The fruit of his pleasures that open the way for us!<\/span><\/p>\n<p>&nbsp;<\/p>\n<p style=\"text-align: center\"><span style=\"font-size: 14px\">She likes to walk in the C\u00f4tes du Rh\u00f4ne <\/span><\/p>\n<p style=\"text-align: center\"><span style=\"font-size: 14px\">From Ampuis to Avignon, his sweet voice resonates <\/span><\/p>\n<p style=\"text-align: center\"><span style=\"font-size: 14px\">Epicurean hearts, friends of our villages <\/span><\/p>\n<p style=\"text-align: center\"><span style=\"font-size: 14px\">And of our traditions that are given in pledge!<\/span><\/p>\n<p>&nbsp;<\/p>\n<p style=\"text-align: center\"><span style=\"font-size: 14px\">Her long purple dress and her big white coat <\/span><\/p>\n<p style=\"text-align: center\"><span style=\"font-size: 14px\">Make it so sublime in the eyes of the courtiers <\/span><\/p>\n<p style=\"text-align: center\"><span style=\"font-size: 14px\">She has a crazy charm around the world <\/span><\/p>\n<p style=\"text-align: center\"><span style=\"font-size: 14px\">Yes, she is forty and the soul is wandering &#8230;<\/span><\/p>\n<p>&nbsp;<\/p>\n<p style=\"text-align: center\"><span style=\"font-size: 14px\">You all know her, some of you <\/span><\/p>\n<p style=\"text-align: center\"><span style=\"font-size: 14px\">Live her Spirit, she who I confess <\/span><\/p>\n<p style=\"text-align: center\"><span style=\"font-size: 14px\">Since our meeting to find out to know <\/span><\/p>\n<p style=\"text-align: center\"><span style=\"font-size: 14px\">If I would be faithful, the oath of duty!<\/span><\/p>\n<p>&nbsp;<\/p>\n<p style=\"text-align: center\"><span style=\"font-size: 14px\">His overflowing flame has awakened my <\/span><\/p>\n<p style=\"text-align: center\"><span style=\"font-size: 14px\">Faith Loving to remember that it is good <\/span><\/p>\n<p style=\"text-align: center\"><span style=\"font-size: 14px\">To serve our wine to communion finally <\/span><\/p>\n<p style=\"text-align: center\"><span style=\"font-size: 14px\">To the happiness of life, to endless voluptuousness!<\/span><\/p>\n<p>&nbsp;<\/p>\n<p style=\"text-align: center\"><span style=\"font-size: 14px\">To believe in her destiny, she needs you, <\/span><\/p>\n<p style=\"text-align: center\"><span style=\"font-size: 14px\">Because she is so fragile and live through us <\/span><\/p>\n<p style=\"text-align: center\"><span style=\"font-size: 14px\">Suppose everyone goes to his side, <\/span><\/p>\n<p style=\"text-align: center\"><span style=\"font-size: 14px\">To see it shine, in all its beauty!<\/span><\/p>\n<p>&nbsp;<\/p>\n<p style=\"text-align: center\"><span style=\"font-size: 14px\">She knows the way to go <\/span><\/p>\n<p style=\"text-align: center\"><span style=\"font-size: 14px\">Let&#8217;s not disappoint, believe in the future, <\/span><\/p>\n<p style=\"text-align: center\"><span style=\"font-size: 14px\">For ever, Messires, in our lordship, <\/span><\/p>\n<p style=\"text-align: center\"><span style=\"font-size: 14px\">We covered with honor &#8230; our Commandery !!<\/span><\/p>\n<p>&nbsp;<\/p>\n<p><span style=\"font-size: 14px\">\u00a9 And\u00e9ol POMMIER<\/span>","protected":false},"excerpt":{"rendered":"<p>&nbsp; On the occasion of the 40th anniversary of the Commanderie (July 2013)\u00a0 &nbsp; The Fianc\u00e9e of C\u00f4tes du Rh\u00f4ne &nbsp; She is resplendent and in the prime of life Illuminating these places, features of her face, Attentive to my voice, she listens to these words As at the very first day, mistress in her castle! &nbsp; His devoted thoughts to beautiful and noble cause Where fidelity and virtue are needed Attack my desires to taste with joy The fruit of his pleasures that open the way for us! &nbsp; She likes to walk in the C\u00f4tes du Rh\u00f4ne From Ampuis to Avignon, his sweet voice resonates Epicurean hearts, friends of our villages And of our traditions that are given in pledge! &nbsp; Her long purple dress and her big white coat Make it so sublime in the eyes of the courtiers She has a crazy charm around the world Yes, she is forty and the soul is wandering &#8230; &nbsp; You all know her, some of you Live her Spirit, she who I confess Since our meeting to find out to know If I would be faithful, the oath of duty! &nbsp; His overflowing flame has awakened my Faith Loving to remember that it is good To serve our wine to communion finally To the happiness of life, to endless voluptuousness! &nbsp; To believe in her destiny, she needs you, Because she is so fragile and live through us Suppose everyone goes to his side, To see it shine, in all its beauty! &nbsp; She knows the way to go Let&#8217;s not disappoint, believe in the future, For ever, Messires, in our lordship, We covered with honor &#8230; our Commandery !! &nbsp; \u00a9 And\u00e9ol POMMIER<\/p>\n","protected":false},"author":1,"featured_media":0,"parent":0,"menu_order":0,"comment_status":"closed","ping_status":"closed","template":"","meta":[],"_links":{"self":[{"href":"https:\/\/commanderiecotesdurhone.fr\/en\/wp-json\/wp\/v2\/pages\/3029"}],"collection":[{"href":"https:\/\/commanderiecotesdurhone.fr\/en\/wp-json\/wp\/v2\/pages"}],"about":[{"href":"https:\/\/commanderiecotesdurhone.fr\/en\/wp-json\/wp\/v2\/types\/page"}],"author":[{"embeddable":true,"href":"https:\/\/commanderiecotesdurhone.fr\/en\/wp-json\/wp\/v2\/users\/1"}],"replies":[{"embeddable":true,"href":"https:\/\/commanderiecotesdurhone.fr\/en\/wp-json\/wp\/v2\/comments?post=3029"}],"version-history":[{"count":6,"href":"https:\/\/commanderiecotesdurhone.fr\/en\/wp-json\/wp\/v2\/pages\/3029\/revisions"}],"predecessor-version":[{"id":3071,"href":"https:\/\/commanderiecotesdurhone.fr\/en\/wp-json\/wp\/v2\/pages\/3029\/revisions\/3071"}],"wp:attachment":[{"href":"https:\/\/commanderiecotesdurhone.fr\/en\/wp-json\/wp\/v2\/media?parent=3029"}],"curies":[{"name":"wp","href":"https:\/\/api.w.org\/{rel}","templated":true}]}}