{"id":2931,"date":"2018-06-04T07:08:29","date_gmt":"2018-06-04T07:08:29","guid":{"rendered":"http:\/\/xobu5997.odns.fr\/?page_id=2931"},"modified":"2023-10-19T15:11:02","modified_gmt":"2023-10-19T15:11:02","slug":"documents","status":"publish","type":"page","link":"https:\/\/commanderiecotesdurhone.fr\/en\/accueil\/documents\/","title":{"rendered":"Documents"},"content":{"rendered":"<blockquote>\n<p style=\"text-align: justify;\"><a href=\"http:\/\/xobu5997.odns.fr\/le-cotes-du-rhone\/\"><img decoding=\"async\" loading=\"lazy\" class=\"alignleft wp-image-2019 size-thumbnail\" src=\"http:\/\/xobu5997.odns.fr\/wp-content\/uploads\/2016\/11\/Gamme3-photo-e1479827397542-150x150.jpg\" alt=\"\" width=\"150\" height=\"150\" srcset=\"https:\/\/commanderiecotesdurhone.fr\/wp-content\/uploads\/2016\/11\/Gamme3-photo-e1479827397542-150x150.jpg 150w, https:\/\/commanderiecotesdurhone.fr\/wp-content\/uploads\/2016\/11\/Gamme3-photo-e1479827397542-350x350.jpg 350w, https:\/\/commanderiecotesdurhone.fr\/wp-content\/uploads\/2016\/11\/Gamme3-photo-e1479827397542-60x60.jpg 60w\" sizes=\"(max-width: 150px) 100vw, 150px\" \/><\/a><em><strong>THE COAST OF RHONE<\/strong><\/em><\/p>\n<p><em><strong><span class=\"\" title=\"\">It is the sacred wine of the master winemakers,<\/span><\/strong><\/em><br \/><em><span title=\"\">Dedicated servants of a famous terroir &#8230;<\/span><\/em><\/p>\n<p><strong><em>Read more&#8230;<\/em><\/strong><\/p>\n<\/blockquote>\n<blockquote>\n<p style=\"text-align: justify;\"><a href=\"http:\/\/xobu5997.odns.fr\/ban-des-vendanges-la-criee\/\"><img decoding=\"async\" loading=\"lazy\" class=\"alignleft wp-image-2288 size-thumbnail\" src=\"http:\/\/xobu5997.odns.fr\/wp-content\/uploads\/2018\/01\/DSC_0848-e1517329674892-150x150.jpg\" alt=\"\" width=\"150\" height=\"150\" srcset=\"https:\/\/commanderiecotesdurhone.fr\/wp-content\/uploads\/2018\/01\/DSC_0848-e1517329674892-150x150.jpg 150w, https:\/\/commanderiecotesdurhone.fr\/wp-content\/uploads\/2018\/01\/DSC_0848-e1517329674892-614x614.jpg 614w, https:\/\/commanderiecotesdurhone.fr\/wp-content\/uploads\/2018\/01\/DSC_0848-e1517329674892-350x350.jpg 350w, https:\/\/commanderiecotesdurhone.fr\/wp-content\/uploads\/2018\/01\/DSC_0848-e1517329674892-60x60.jpg 60w\" sizes=\"(max-width: 150px) 100vw, 150px\" \/><\/a><em><strong>BAN DE VENDANGES &#8211; THE CRY<\/strong><\/em><\/p>\n<p><em><strong><span title=\"\">The Ban des Vendanges has its origins in the Middle Ages.<\/span><\/strong><\/em><br \/><em><span title=\"\">At the time, it was a compulsory collective service &#8230;<\/span><\/em><\/p>\n<p><strong><em>Read more&#8230;<\/em><\/strong><\/p>\n<\/blockquote>\n<blockquote>\n<p style=\"text-align: justify;\"><a href=\"http:\/\/xobu5997.odns.fr\/la-fiancee-des-cotes-du-rhone\/\"><img decoding=\"async\" loading=\"lazy\" class=\"alignleft wp-image-2177 size-thumbnail\" src=\"http:\/\/xobu5997.odns.fr\/wp-content\/uploads\/2017\/03\/commanderie2-1-150x150.jpg\" alt=\"\" width=\"150\" height=\"150\" srcset=\"https:\/\/commanderiecotesdurhone.fr\/wp-content\/uploads\/2017\/03\/commanderie2-1-150x150.jpg 150w, https:\/\/commanderiecotesdurhone.fr\/wp-content\/uploads\/2017\/03\/commanderie2-1-614x614.jpg 614w, https:\/\/commanderiecotesdurhone.fr\/wp-content\/uploads\/2017\/03\/commanderie2-1-350x350.jpg 350w, https:\/\/commanderiecotesdurhone.fr\/wp-content\/uploads\/2017\/03\/commanderie2-1-60x60.jpg 60w\" sizes=\"(max-width: 150px) 100vw, 150px\" \/><\/a><em><strong>THE FIANCEE DES COTES DU RHONE<\/strong><\/em><\/p>\n<p><em><strong><span class=\"\" title=\"\">On the occasion of the 40th anniversary of the Commanderie (July 2013)<\/span><\/strong><\/em><br \/><em><span class=\"\" title=\"\">She is resplendent and in the prime of life &#8230;<\/span><\/em><\/p>\n<p><strong><em>Read more&#8230;<\/em><\/strong><\/p>\n<\/blockquote>\n<blockquote>\n<p style=\"text-align: justify;\"><a href=\"http:\/\/xobu5997.odns.fr\/ode-a-bacchus\/\"><img decoding=\"async\" loading=\"lazy\" class=\"alignleft wp-image-2437 size-thumbnail\" src=\"http:\/\/xobu5997.odns.fr\/wp-content\/uploads\/2018\/04\/caravage-150x150.jpg\" alt=\"\" width=\"150\" height=\"150\" srcset=\"https:\/\/commanderiecotesdurhone.fr\/wp-content\/uploads\/2018\/04\/caravage-150x150.jpg 150w, https:\/\/commanderiecotesdurhone.fr\/wp-content\/uploads\/2018\/04\/caravage-350x350.jpg 350w, https:\/\/commanderiecotesdurhone.fr\/wp-content\/uploads\/2018\/04\/caravage-60x60.jpg 60w\" sizes=\"(max-width: 150px) 100vw, 150px\" \/><\/a><em><strong>ODE A BACCHUS <\/strong><\/em><\/p>\n<p><em><span class=\"\" title=\"\"><strong>&#8220;Listen to me, Bacchus, Master of the presses!<\/strong><\/span><\/em><br \/><em><span class=\"\" title=\"\">Bacchus conqueror, whose empire extends to the north &#8230;<\/span><\/em><\/p>\n<p><strong><em>Read more&#8230;<\/em><\/strong><\/p>\n<\/blockquote>\n<blockquote>\n<p style=\"text-align: justify;\"><a href=\"http:\/\/xobu5997.odns.fr\/la-vigne-et-le-vigneron\/\"><img decoding=\"async\" loading=\"lazy\" class=\"alignleft wp-image-2285 size-thumbnail\" src=\"http:\/\/xobu5997.odns.fr\/wp-content\/uploads\/2018\/01\/DSC_0380-e1517328404774-150x150.jpg\" alt=\"\" width=\"150\" height=\"150\" srcset=\"https:\/\/commanderiecotesdurhone.fr\/wp-content\/uploads\/2018\/01\/DSC_0380-e1517328404774-150x150.jpg 150w, https:\/\/commanderiecotesdurhone.fr\/wp-content\/uploads\/2018\/01\/DSC_0380-e1517328404774-614x614.jpg 614w, https:\/\/commanderiecotesdurhone.fr\/wp-content\/uploads\/2018\/01\/DSC_0380-e1517328404774-350x350.jpg 350w, https:\/\/commanderiecotesdurhone.fr\/wp-content\/uploads\/2018\/01\/DSC_0380-e1517328404774-60x60.jpg 60w\" sizes=\"(max-width: 150px) 100vw, 150px\" \/><\/a><em><strong>THE VINEYARD AND THE WINEMAKER<\/strong><\/em><\/p>\n<p><em><strong><span class=\"\" title=\"\">When in the heart of autumn the cold,<\/span><\/strong><\/em><br \/><em><span class=\"\" title=\"\">And that the mistral blows excessively &#8230;<\/span><\/em><\/p>\n<p><strong><em>Read more&#8230;<\/em><\/strong><\/p>\n<\/blockquote>\n<blockquote>\n<p style=\"text-align: justify;\"><a href=\"http:\/\/xobu5997.odns.fr\/chapitre-dete\/\"><img decoding=\"async\" loading=\"lazy\" class=\"alignleft wp-image-2963 size-thumbnail\" src=\"http:\/\/xobu5997.odns.fr\/wp-content\/uploads\/2018\/06\/6-CHAPI-TRE-DETE-150x150.jpg\" alt=\"\" width=\"150\" height=\"150\" srcset=\"https:\/\/commanderiecotesdurhone.fr\/wp-content\/uploads\/2018\/06\/6-CHAPI-TRE-DETE-150x150.jpg 150w, https:\/\/commanderiecotesdurhone.fr\/wp-content\/uploads\/2018\/06\/6-CHAPI-TRE-DETE-614x614.jpg 614w, https:\/\/commanderiecotesdurhone.fr\/wp-content\/uploads\/2018\/06\/6-CHAPI-TRE-DETE-350x350.jpg 350w, https:\/\/commanderiecotesdurhone.fr\/wp-content\/uploads\/2018\/06\/6-CHAPI-TRE-DETE-60x60.jpg 60w\" sizes=\"(max-width: 150px) 100vw, 150px\" \/><\/a><em><strong>SUMMER CHAPTER<\/strong><\/em><\/p>\n<p><em><strong><span class=\"\" title=\"\">It&#8217;s at the castle of Suze, in the summer season,<\/span><\/strong><\/em><br \/><em><span title=\"\">May our brotherhood, in this month of July &#8230;<\/span><\/em><\/p>\n<p><strong><em>Read more&#8230;<\/em><\/strong><\/p>\n<p>\u00a0<\/p>\n<\/blockquote>\n[fr:]\n\n\n<h1 class=\"wp-block-heading\">&nbsp;&nbsp;&nbsp; &nbsp;&nbsp;&nbsp;<\/h1>\n\n\n\n\n\n<p><\/p>\n\n\n\n<p><\/p>\n\n\n\n<p><\/p>\n\n\n\n<p><\/p>","protected":false},"excerpt":{"rendered":"<p>Sorry, this entry is only available in French. For the sake of viewer convenience, the content is shown below in the alternative language. You may click the link to switch the active language. LE C\u00d4TES DU RH\u00d4NE Il est le vin sacr\u00e9 des ma\u00eetres vignerons,Serviteurs d\u00e9vou\u00e9s d\u2019un terroir de renom &#8230; Lire la suite&#8230;<\/p>\n","protected":false},"author":1,"featured_media":0,"parent":179,"menu_order":3,"comment_status":"closed","ping_status":"closed","template":"","meta":[],"_links":{"self":[{"href":"https:\/\/commanderiecotesdurhone.fr\/en\/wp-json\/wp\/v2\/pages\/2931"}],"collection":[{"href":"https:\/\/commanderiecotesdurhone.fr\/en\/wp-json\/wp\/v2\/pages"}],"about":[{"href":"https:\/\/commanderiecotesdurhone.fr\/en\/wp-json\/wp\/v2\/types\/page"}],"author":[{"embeddable":true,"href":"https:\/\/commanderiecotesdurhone.fr\/en\/wp-json\/wp\/v2\/users\/1"}],"replies":[{"embeddable":true,"href":"https:\/\/commanderiecotesdurhone.fr\/en\/wp-json\/wp\/v2\/comments?post=2931"}],"version-history":[{"count":85,"href":"https:\/\/commanderiecotesdurhone.fr\/en\/wp-json\/wp\/v2\/pages\/2931\/revisions"}],"predecessor-version":[{"id":4474,"href":"https:\/\/commanderiecotesdurhone.fr\/en\/wp-json\/wp\/v2\/pages\/2931\/revisions\/4474"}],"up":[{"embeddable":true,"href":"https:\/\/commanderiecotesdurhone.fr\/en\/wp-json\/wp\/v2\/pages\/179"}],"wp:attachment":[{"href":"https:\/\/commanderiecotesdurhone.fr\/en\/wp-json\/wp\/v2\/media?parent=2931"}],"curies":[{"name":"wp","href":"https:\/\/api.w.org\/{rel}","templated":true}]}}