{"id":1732,"date":"2016-05-18T09:44:33","date_gmt":"2016-05-18T09:44:33","guid":{"rendered":"http:\/\/xobu5997.odns.fr\/?page_id=1732"},"modified":"2016-05-19T13:50:00","modified_gmt":"2016-05-19T13:50:00","slug":"actualites","status":"publish","type":"page","link":"https:\/\/commanderiecotesdurhone.fr\/en\/les-baronnies\/shangai\/actualites\/","title":{"rendered":"Actualit\u00e9s"},"content":{"rendered":"<p class=\"qtranxs-available-languages-message qtranxs-available-languages-message-en\">Sorry, this entry is only available in <a href=\"https:\/\/commanderiecotesdurhone.fr\/fr\/wp-json\/wp\/v2\/pages\/1732\" class=\"qtranxs-available-language-link qtranxs-available-language-link-fr\" title=\"Fran\u00e7ais\">French<\/a>. For the sake of viewer convenience, the content is shown below in the alternative language. You may click the link to switch the active language.<\/p><p style=\"text-align: justify;\">\n<span style=\"font-size: 18pt;\">Le premier chapitre de la Baronnie chinoise de la Commanderie des Costes du Rh\u00f4ne s&#8217;est tenu lors d\u2019un salon d\u00e9di\u00e9 au luxe &#8220;Luxexpo&#8221; (du 12 au 14 mai) \u00e0 Shanghai. Lors de celui<img decoding=\"async\" loading=\"lazy\" class=\"size-medium wp-image-1763 alignright\" src=\"http:\/\/xobu5997.odns.fr\/wp-content\/uploads\/2016\/05\/cid_E9BFB930-186A-43D2-88AF-5409AD01A4E5-300x225.jpg\" alt=\"!cid_E9BFB930-186A-43D2-88AF-5409AD01A4E5\" width=\"300\" height=\"225\" \/>-ci trois nouveaux Commandeurs ont \u00e9t\u00e9 adoub\u00e9s par le Grand ma\u00eetre Patrick Galant, accompagn\u00e9 des Commandeurs Jean-Pierre Arnaud et Laurent Chareyre. <\/span><\/p>\n<p style=\"text-align: justify;\"><span style=\"font-size: 18pt;\"><br \/>\nIl s\u2019agit Mme A.Shen et M. Y.Ong, le nouveau consul \u00e9tant M. Wan* . A cette occasion 10 nouveaux chevaliers du milieu des affaires et vin ont \u00e9t\u00e9 aussi intronis\u00e9s. L\u2019adoubement de ce nouveau Consul de la Baronnie de Shanghai sera officialis\u00e9, comme c\u2019est la r\u00e8gle de la Commanderie lors d\u2019un prochain chapitre d\u2019\u00e9t\u00e9 . Apr\u00e8s S\u00e9oul en 2013, la Commanderie conforte son implantation en Asie, dans l\u2019un des plus grands march\u00e9s du futur pour l&#8217;Appellation. Et confirme par l\u00e0 son r\u00f4le primordial dans la promotion des C\u00f4tes du Rh\u00f4ne de par le monde, et bient\u00f4t \u00e0 Los Angeles et San Francisco (USA) et peut-\u00eatre un jour aussi \u00e0 Singapour ! <\/span><br \/>\n<span style=\"font-size: 18pt;\">* Le nouveau Consul M.Wan est amateur de bon vin et homme d&#8217;affaires influent ( immobilier, cha\u00eene de TV et organisateur du salon Luxexpo \u00e0 Shanghai). Yann ONG est un ancien \u00e9l\u00e8ve de l&#8217;Universit\u00e9 du Vin de Suze la Rousse, g\u00e9rant d\u2019une soci\u00e9t\u00e9 &#8220;Allo France Wines&#8221; et Audrey Shen est directrice d&#8217;une soci\u00e9t\u00e9 d\u2019 import et organisatrice d&#8217;\u00e9v\u00e9nementiel autour du vin.<\/span><\/p>","protected":false},"excerpt":{"rendered":"<p>Sorry, this entry is only available in French. For the sake of viewer convenience, the content is shown below in the alternative language. You may click the link to switch the active language. Le premier chapitre de la Baronnie chinoise de la Commanderie des Costes du Rh\u00f4ne s&#8217;est tenu lors d\u2019un salon d\u00e9di\u00e9 au luxe &#8220;Luxexpo&#8221; (du 12 au 14 mai) \u00e0 Shanghai. Lors de celui-ci trois nouveaux Commandeurs ont \u00e9t\u00e9 adoub\u00e9s par le Grand ma\u00eetre Patrick Galant, accompagn\u00e9 des Commandeurs Jean-Pierre Arnaud et Laurent Chareyre. Il s\u2019agit Mme A.Shen et M. Y.Ong, le nouveau consul \u00e9tant M. Wan* . A cette occasion 10 nouveaux chevaliers du milieu des affaires et vin ont \u00e9t\u00e9 aussi intronis\u00e9s. L\u2019adoubement de ce nouveau Consul de la Baronnie de Shanghai sera officialis\u00e9, comme c\u2019est la r\u00e8gle de la Commanderie lors d\u2019un prochain chapitre d\u2019\u00e9t\u00e9 . Apr\u00e8s S\u00e9oul en 2013, la Commanderie conforte son implantation en Asie, dans l\u2019un des plus grands march\u00e9s du futur pour l&#8217;Appellation. Et confirme par l\u00e0 son r\u00f4le primordial dans la promotion des C\u00f4tes du Rh\u00f4ne de par le monde, et bient\u00f4t \u00e0 Los Angeles et San Francisco (USA) et peut-\u00eatre un jour aussi \u00e0 Singapour ! * Le nouveau Consul M.Wan est amateur de bon vin et homme d&#8217;affaires influent ( immobilier, cha\u00eene de TV et organisateur du salon Luxexpo \u00e0 Shanghai). Yann ONG est un ancien \u00e9l\u00e8ve de l&#8217;Universit\u00e9 du Vin de Suze la Rousse, g\u00e9rant d\u2019une soci\u00e9t\u00e9 &#8220;Allo France Wines&#8221; et Audrey Shen est directrice d&#8217;une soci\u00e9t\u00e9 d\u2019 import et organisatrice d&#8217;\u00e9v\u00e9nementiel autour du vin.<\/p>\n","protected":false},"author":12,"featured_media":0,"parent":1730,"menu_order":0,"comment_status":"closed","ping_status":"closed","template":"","meta":[],"_links":{"self":[{"href":"https:\/\/commanderiecotesdurhone.fr\/en\/wp-json\/wp\/v2\/pages\/1732"}],"collection":[{"href":"https:\/\/commanderiecotesdurhone.fr\/en\/wp-json\/wp\/v2\/pages"}],"about":[{"href":"https:\/\/commanderiecotesdurhone.fr\/en\/wp-json\/wp\/v2\/types\/page"}],"author":[{"embeddable":true,"href":"https:\/\/commanderiecotesdurhone.fr\/en\/wp-json\/wp\/v2\/users\/12"}],"replies":[{"embeddable":true,"href":"https:\/\/commanderiecotesdurhone.fr\/en\/wp-json\/wp\/v2\/comments?post=1732"}],"version-history":[{"count":1,"href":"https:\/\/commanderiecotesdurhone.fr\/en\/wp-json\/wp\/v2\/pages\/1732\/revisions"}],"predecessor-version":[{"id":1733,"href":"https:\/\/commanderiecotesdurhone.fr\/en\/wp-json\/wp\/v2\/pages\/1732\/revisions\/1733"}],"up":[{"embeddable":true,"href":"https:\/\/commanderiecotesdurhone.fr\/en\/wp-json\/wp\/v2\/pages\/1730"}],"wp:attachment":[{"href":"https:\/\/commanderiecotesdurhone.fr\/en\/wp-json\/wp\/v2\/media?parent=1732"}],"curies":[{"name":"wp","href":"https:\/\/api.w.org\/{rel}","templated":true}]}}