{"id":1578,"date":"2016-05-10T13:06:47","date_gmt":"2016-05-10T13:06:47","guid":{"rendered":"http:\/\/xobu5997.odns.fr\/?page_id=1578"},"modified":"2022-06-10T15:05:53","modified_gmt":"2022-06-10T15:05:53","slug":"contact","status":"publish","type":"page","link":"https:\/\/commanderiecotesdurhone.fr\/en\/contact\/","title":{"rendered":"Contact Us"},"content":{"rendered":"<p><span style=\"vertical-align: inherit\"><span style=\"vertical-align: inherit\"><div role=\"form\" class=\"wpcf7\" id=\"wpcf7-f1577-o1\" lang=\"fr-FR\" dir=\"ltr\">\n<div class=\"screen-reader-response\"><p role=\"status\" aria-live=\"polite\" aria-atomic=\"true\"><\/p> <ul><\/ul><\/div>\n<form action=\"\/en\/wp-json\/wp\/v2\/pages\/1578#wpcf7-f1577-o1\" method=\"post\" class=\"wpcf7-form init\" novalidate=\"novalidate\" data-status=\"init\">\n<div style=\"display: none;\">\n<input type=\"hidden\" name=\"_wpcf7\" value=\"1577\" \/>\n<input type=\"hidden\" name=\"_wpcf7_version\" value=\"5.6.3\" \/>\n<input type=\"hidden\" name=\"_wpcf7_locale\" value=\"fr_FR\" \/>\n<input type=\"hidden\" name=\"_wpcf7_unit_tag\" value=\"wpcf7-f1577-o1\" \/>\n<input type=\"hidden\" name=\"_wpcf7_container_post\" value=\"0\" \/>\n<input type=\"hidden\" name=\"_wpcf7_posted_data_hash\" value=\"\" \/>\n<input type=\"hidden\" name=\"_wpcf7_recaptcha_response\" value=\"\" \/>\n<\/div>\n<p>Votre nom<br \/>\n    <span class=\"wpcf7-form-control-wrap\" data-name=\"your-name\"><input type=\"text\" name=\"your-name\" value=\"\" size=\"40\" class=\"wpcf7-form-control wpcf7-text wpcf7-validates-as-required\" aria-required=\"true\" aria-invalid=\"false\" \/><\/span> <\/p>\n<p>Votre Email <br \/>\n    <span class=\"wpcf7-form-control-wrap\" data-name=\"your-email\"><input type=\"email\" name=\"your-email\" value=\"\" size=\"40\" class=\"wpcf7-form-control wpcf7-text wpcf7-email wpcf7-validates-as-required wpcf7-validates-as-email\" aria-required=\"true\" aria-invalid=\"false\" \/><\/span> <\/p>\n<p>Sujet<br \/>\n    <span class=\"wpcf7-form-control-wrap\" data-name=\"your-subject\"><input type=\"text\" name=\"your-subject\" value=\"\" size=\"40\" class=\"wpcf7-form-control wpcf7-text\" aria-invalid=\"false\" \/><\/span> <\/p>\n<p>votre Message<br \/>\n    <span class=\"wpcf7-form-control-wrap\" data-name=\"your-message\"><textarea name=\"your-message\" cols=\"40\" rows=\"10\" class=\"wpcf7-form-control wpcf7-textarea\" aria-invalid=\"false\"><\/textarea><\/span> <\/p>\n<p><input type=\"submit\" value=\"Envoyer\" class=\"wpcf7-form-control has-spinner wpcf7-submit\" \/><\/p>\n<div class=\"wpcf7-response-output\" aria-hidden=\"true\"><\/div><\/form><\/div><\/span><\/span><\/p>\n<blockquote><p><span style=\"font-size: 18pt\"><span style=\"vertical-align: inherit\"><span style=\"vertical-align: inherit\">Commanderie des Costes du Rh\u00f4ne <\/span><\/span><\/span><br \/>\n<span style=\"font-size: 18pt\"><span style=\"vertical-align: inherit\"><span style=\"vertical-align: inherit\">Ch\u00e2teau de Suze <\/span><\/span><\/span><br \/>\n<span style=\"font-size: 18pt\"><span style=\"vertical-align: inherit\"><span style=\"vertical-align: inherit\">26790 Suze la Rousse<\/span><\/span><\/span><\/p>\n<p><span style=\"font-size: 18pt\"><span style=\"vertical-align: inherit\"><span style=\"vertical-align: inherit\">T\u00e9l: 06 70 79 37 00 ou 06 10 53 61 83<\/span><\/span><\/span><\/p>\n<p><a href=\"mailto:commanderie.cdr@gmail.com\"><span style=\"font-size: 18pt\"><span style=\"vertical-align: inherit\"><span style=\"vertical-align: inherit\">commanderie.cdr@gmail.com<\/span><\/span><\/span><\/a><\/p><\/blockquote>\n<blockquote><p><span style=\"font-size: 18pt\"><span style=\"vertical-align: inherit\"><span style=\"vertical-align: inherit\">BARONNIE LIEGE <\/span><\/span><\/span><br \/>\n<span style=\"font-size: 18pt\"><span style=\"vertical-align: inherit\"><span style=\"vertical-align: inherit\">Boulevard de Froidmont, 34B-4020 <\/span><\/span><\/span><br \/>\n<span style=\"font-size: 18pt\"><span style=\"vertical-align: inherit\"><span style=\"vertical-align: inherit\">Li\u00e8ge <\/span><\/span><\/span><br \/>\n<span style=\"font-size: 18pt\"><span style=\"vertical-align: inherit\"><span style=\"vertical-align: inherit\">Belgique <\/span><\/span><\/span><br \/>\n<span style=\"font-size: 18pt\"><span style=\"vertical-align: inherit\"><span style=\"vertical-align: inherit\">Courriel g\u00e9n\u00e9ral: <\/span><\/span><a title=\"email baronnie li\u00e8goise\" href=\"http:\/\/baronnieliegeoise@cotesdurhone.be\/\" target=\"_top\" rel=\"noopener noreferrer\"><span style=\"vertical-align: inherit\"><span style=\"vertical-align: inherit\">pl@enjeu.be<\/span><\/span><\/a><\/span><\/p><\/blockquote>\n<blockquote><p><span style=\"font-size: 18pt\"><span style=\"vertical-align: inherit\"><span style=\"vertical-align: inherit\">BARONNIE DE GAND <\/span><\/span><\/span><br \/>\n<span style=\"font-size: 18pt\"><span style=\"vertical-align: inherit\"><span style=\"vertical-align: inherit\">Coupure rechts 224 B-9000 <\/span><\/span><\/span><br \/>\n<span style=\"font-size: 18pt\"><span style=\"vertical-align: inherit\"><span style=\"vertical-align: inherit\">Gand Belgique<\/span><\/span><\/span><\/p>\n<p><span style=\"font-size: 18pt\"><span style=\"vertical-align: inherit\"><span style=\"vertical-align: inherit\">Site Internet:\u00a0 <\/span><\/span><a href=\"http:\/\/baroniegent.eu\/\"><span style=\"vertical-align: inherit\"><span style=\"vertical-align: inherit\">http:\/\/baroniegent.eu\/<\/span><\/span><\/a><\/span><br \/>\n<span style=\"font-size: 18pt\"><span style=\"vertical-align: inherit\"><span style=\"vertical-align: inherit\"> T\u00e9l\u00e9phone +32 92 33 91 88 <\/span><\/span><\/span><br \/>\n<span style=\"font-size: 18pt\"><span style=\"vertical-align: inherit\"><span style=\"vertical-align: inherit\">T\u00e9l\u00e9copieur +32 92 25 75 17<\/span><\/span><\/span><\/p>\n<p><span style=\"font-size: 18pt\"><span style=\"vertical-align: inherit\"><span style=\"vertical-align: inherit\">Courriel g\u00e9n\u00e9ral: <\/span><\/span><a href=\"mailto:erwin.devriendt@svhg.be\"><span style=\"vertical-align: inherit\"><span style=\"vertical-align: inherit\">erwin.devriendt@svhg.be<\/span><\/span><\/a><\/span><\/p><\/blockquote>\n<blockquote><p><span style=\"font-size: 18pt\"><span style=\"vertical-align: inherit\"><span style=\"vertical-align: inherit\">BARONNIE DE MONTREUX <\/span><\/span><\/span><br \/>\n<span style=\"font-size: 18pt\"><span style=\"vertical-align: inherit\"><span style=\"vertical-align: inherit\">BP 85 CH &#8211; 1816 Chailly s \/ Montreux <\/span><\/span><\/span><br \/>\n<span style=\"font-size: 18pt\"><span style=\"vertical-align: inherit\"><span style=\"vertical-align: inherit\">T\u00e9l\u00e9phone +41 21963 88 24 <\/span><\/span><\/span><br \/>\n<span style=\"font-size: 18pt\"><span style=\"vertical-align: inherit\"><span style=\"vertical-align: inherit\">Site internet: <\/span><\/span><a href=\"http:\/\/www.baronnie-suisse.ch\" target=\"_blank\" rel=\"noopener noreferrer\"><span style=\"vertical-align: inherit\"><span style=\"vertical-align: inherit\">http:\/\/www.baronnie-suisse.ch<\/span><\/span><\/a><\/span><\/p>\n<p><span style=\"font-size: 18pt\"><span style=\"vertical-align: inherit\"><span style=\"vertical-align: inherit\">Courriel g\u00e9n\u00e9ral: <\/span><\/span><a href=\"http:\/\/info@bschnider.com\"><span style=\"vertical-align: inherit\"><span style=\"vertical-align: inherit\">info@bschnider.com<\/span><\/span><\/a><\/span><\/p><\/blockquote>\n<blockquote><p><span style=\"font-size: 18pt\"><span style=\"vertical-align: inherit\"><span style=\"vertical-align: inherit\">BARONNIE DE DRUMMONDVILLE <\/span><\/span><\/span><br \/>\n<span style=\"font-size: 18pt\"><span style=\"vertical-align: inherit\"><span style=\"vertical-align: inherit\">CP116 <\/span><\/span><\/span><br \/>\n<span style=\"font-size: 18pt\"><span style=\"vertical-align: inherit\"><span style=\"vertical-align: inherit\">J2B6V Drummondville &#8211; Canada <\/span><\/span><\/span><span style=\"vertical-align: inherit\"><span style=\"font-size: 18pt\"><span style=\"vertical-align: inherit\">T\u00e9l\u00e9phone <\/span><\/span><span style=\"font-size: 18pt\"><span style=\"vertical-align: inherit\">+1819477 <\/span><\/span><\/span><br \/>\n<span style=\"font-size: 18pt\"><span style=\"vertical-align: inherit\"><span style=\"vertical-align: inherit\">16 14<\/span><\/span><\/span><\/p>\n<p><span style=\"font-size: 18pt\">Courriel g\u00e9n\u00e9ral : <a href=\"mailto:info@vindrummond.ca\">info@vindrummond.ca\u00a0<\/a><\/span><\/p><\/blockquote>\n<blockquote><p><span style=\"font-size: 18pt\">BARONNIE DE MONTREAL<\/span><br \/>\n<span style=\"font-size: 18pt\"> 1150, rue de Bougainville<\/span><br \/>\n<span style=\"font-size: 18pt\"> Saint-Bruno-de-Montarville<\/span><br \/>\n<span style=\"font-size: 18pt\"> (Qu\u00e9bec)Canada<\/span><br \/>\n<span style=\"font-size: 18pt\"> J3V 3E7<\/span><br \/>\n<span style=\"font-size: 18pt\"> No de t\u00e9l\u00e9phone : 514 998-4416<\/span><br \/>\n<span style=\"font-size: 18pt\"> Courrier g\u00e9n\u00e9ral : <a href=\"commanderiemtl@videotron.ca\">com<\/a>manderiemtl@videotron.ca<\/span><\/p><\/blockquote>\n<blockquote><p><span style=\"font-size: 18pt\">BARONNIE DE NEW YORK<\/span><br \/>\n<span style=\"font-size: 18pt\"> Epstein Becker &amp; Green, P.C<\/span><br \/>\n<span style=\"font-size: 18pt\"> 250 Park Avenue,<\/span><br \/>\n<span style=\"font-size: 18pt\"> New York, NY 10177<\/span><\/p>\n<p><span style=\"font-size: 18pt\">Courrier g\u00e9n\u00e9ral : <a href=\"mailto:jpg4u@earthlink.net\">jpg4u@earthlink.net<\/a><\/span><\/p><\/blockquote>\n<blockquote><p><span style=\"font-size: 18pt\">BARONNIE DE PHILADELPHIE<\/span><br \/>\n<span style=\"font-size: 18pt\"> 2127 Spruce Street<\/span><br \/>\n<span style=\"font-size: 18pt\"> Philadelphia, PA 19103<\/span><br \/>\n<span style=\"font-size: 18pt\"> United States of America<\/span><\/p>\n<p><span style=\"font-size: 18pt\">Courrier g\u00e9n\u00e9ral :\u00a0<a href=\"mailto:guetpa@yahoo.com\">guetpa@yahoo.com<\/a><\/span><\/p><\/blockquote>\n<blockquote><p><span style=\"font-size: 18pt\">BARONNIE DU PALATINAT<\/span><br \/>\n<span style=\"font-size: 18pt\"> C\/o Joachim Paech Grimmstrasse 7<\/span><br \/>\n<span style=\"font-size: 18pt\"> D-067435 Mussbach Allemagne<\/span><br \/>\n<span style=\"font-size: 18pt\"> T\u00e9l\u00e9phone +49 6321 96 81 21<\/span><br \/>\n<span style=\"font-size: 18pt\"> T\u00e9l\u00e9copieur +49 6321 96 81 22<\/span><br \/>\n<span style=\"font-size: 18pt\"> Portable + 49 171 75 27 207<\/span><\/p>\n<p><span style=\"font-size: 18pt\">Courrier g\u00e9n\u00e9ral :<a href=\"http:\/\/paech@mussbach.de\">paech@mussbach.de<\/a><\/span><\/p><\/blockquote>\n<blockquote><p><span style=\"font-size: 18pt\">BARONNIE JACQUES CARTIER DE QUEBEC<\/span><br \/>\n<span style=\"font-size: 18pt\"> c\/o Fran\u00e7ois Gosselin<\/span><\/p>\n<p><span style=\"font-size: 18pt\"> Qu\u00e9bec (Qu\u00e9bec) Canada\u00a0\u00a0<\/span><\/p>\n<p><span style=\"font-size: 18pt\">Courriel g\u00e9n\u00e9ral :\u00a0<a href=\"cdrqc1984@gmail.com\">cdrqc1984@gmail.com<\/a><\/span><\/p><\/blockquote>\n<table style=\"height: 28px\" width=\"983\">\n<tbody>\n<tr>\n<td>\n<blockquote><p><span style=\"font-size: 18pt\">BARONNIE DE SHANGHA\u00cf\u00a0 <\/span><\/p>\n<p><span style=\"font-size: 18pt\">Courriel g\u00e9n\u00e9ral :\u00a0<a href=\"mailto:yann.ong@qq.com\">yann.ong@qq.com<\/a><\/span><\/p><\/blockquote>\n<\/td>\n<\/tr>\n<\/tbody>\n<\/table>\n<table width=\"989\">\n<tbody>\n<tr>\n<td>\n<blockquote><p><span style=\"font-size: 18pt\">BARONNIE DE SEOUL -COR\u00c9E DU SUD\u00a0 <\/span><\/p>\n<p><span style=\"font-size: 18pt\">Courriel g\u00e9n\u00e9ral :\u00a0\u00a0<a href=\"mailto:lu.chengylie@salveo-group.com\">lu.chengylie@salveo-group.com<\/a><\/span><\/p><\/blockquote>\n<\/td>\n<\/tr>\n<\/tbody>\n<\/table>\n","protected":false},"excerpt":{"rendered":"<p>Commanderie des Costes du Rh\u00f4ne Ch\u00e2teau de Suze 26790 Suze la Rousse T\u00e9l: 06 70 79 37 00 ou 06 10 53 61 83 commanderie.cdr@gmail.com BARONNIE LIEGE Boulevard de Froidmont, 34B-4020 Li\u00e8ge Belgique Courriel g\u00e9n\u00e9ral: pl@enjeu.be BARONNIE DE GAND Coupure rechts 224 B-9000 Gand Belgique Site Internet:\u00a0 http:\/\/baroniegent.eu\/ T\u00e9l\u00e9phone +32 92 33 91 88 T\u00e9l\u00e9copieur +32 92 25 75 17 Courriel g\u00e9n\u00e9ral: erwin.devriendt@svhg.be BARONNIE DE MONTREUX BP 85 CH &#8211; 1816 Chailly s \/ Montreux T\u00e9l\u00e9phone +41 21963 88 24 Site internet: http:\/\/www.baronnie-suisse.ch Courriel g\u00e9n\u00e9ral: info@bschnider.com BARONNIE DE DRUMMONDVILLE CP116 J2B6V Drummondville &#8211; Canada T\u00e9l\u00e9phone +1819477 16 14 Courriel g\u00e9n\u00e9ral : info@vindrummond.ca\u00a0 BARONNIE DE MONTREAL 1150, rue de Bougainville Saint-Bruno-de-Montarville (Qu\u00e9bec)Canada J3V 3E7 No de t\u00e9l\u00e9phone : 514 998-4416 Courrier g\u00e9n\u00e9ral : commanderiemtl@videotron.ca BARONNIE DE NEW YORK Epstein Becker &amp; Green, P.C 250 Park Avenue, New York, NY 10177 Courrier g\u00e9n\u00e9ral : jpg4u@earthlink.net BARONNIE DE PHILADELPHIE 2127 Spruce Street Philadelphia, PA 19103 United States of America Courrier g\u00e9n\u00e9ral :\u00a0guetpa@yahoo.com BARONNIE DU PALATINAT C\/o Joachim Paech Grimmstrasse 7 D-067435 Mussbach Allemagne T\u00e9l\u00e9phone +49 6321 96 81 21 T\u00e9l\u00e9copieur +49 6321 96 81 22 Portable + 49 171 75 27 207 Courrier g\u00e9n\u00e9ral :paech@mussbach.de BARONNIE JACQUES CARTIER DE QUEBEC c\/o Fran\u00e7ois Gosselin Qu\u00e9bec (Qu\u00e9bec) Canada\u00a0\u00a0 Courriel g\u00e9n\u00e9ral :\u00a0cdrqc1984@gmail.com BARONNIE DE SHANGHA\u00cf\u00a0 Courriel g\u00e9n\u00e9ral :\u00a0yann.ong@qq.com BARONNIE DE SEOUL -COR\u00c9E DU SUD\u00a0 Courriel g\u00e9n\u00e9ral :\u00a0\u00a0lu.chengylie@salveo-group.com<\/p>\n","protected":false},"author":1,"featured_media":0,"parent":0,"menu_order":0,"comment_status":"closed","ping_status":"closed","template":"","meta":[],"_links":{"self":[{"href":"https:\/\/commanderiecotesdurhone.fr\/en\/wp-json\/wp\/v2\/pages\/1578"}],"collection":[{"href":"https:\/\/commanderiecotesdurhone.fr\/en\/wp-json\/wp\/v2\/pages"}],"about":[{"href":"https:\/\/commanderiecotesdurhone.fr\/en\/wp-json\/wp\/v2\/types\/page"}],"author":[{"embeddable":true,"href":"https:\/\/commanderiecotesdurhone.fr\/en\/wp-json\/wp\/v2\/users\/1"}],"replies":[{"embeddable":true,"href":"https:\/\/commanderiecotesdurhone.fr\/en\/wp-json\/wp\/v2\/comments?post=1578"}],"version-history":[{"count":20,"href":"https:\/\/commanderiecotesdurhone.fr\/en\/wp-json\/wp\/v2\/pages\/1578\/revisions"}],"predecessor-version":[{"id":3969,"href":"https:\/\/commanderiecotesdurhone.fr\/en\/wp-json\/wp\/v2\/pages\/1578\/revisions\/3969"}],"wp:attachment":[{"href":"https:\/\/commanderiecotesdurhone.fr\/en\/wp-json\/wp\/v2\/media?parent=1578"}],"curies":[{"name":"wp","href":"https:\/\/api.w.org\/{rel}","templated":true}]}}