{"id":113,"date":"2015-10-14T12:42:24","date_gmt":"2015-10-14T12:42:24","guid":{"rendered":"http:\/\/xobu5997.odns.fr\/?page_id=113"},"modified":"2018-04-16T08:31:57","modified_gmt":"2018-04-16T08:31:57","slug":"la-baronnie-de-montreux","status":"publish","type":"page","link":"https:\/\/commanderiecotesdurhone.fr\/en\/les-baronnies\/la-baronnie-de-montreux\/","title":{"rendered":"Montreux"},"content":{"rendered":"<blockquote><p><a href=\"http:\/\/xobu5997.odns.fr\/wp-content\/uploads\/2015\/10\/montreux_big.png\"><img decoding=\"async\" loading=\"lazy\" class=\"wp-image-153 size-full alignright\" src=\"http:\/\/xobu5997.odns.fr\/wp-content\/uploads\/2015\/10\/montreux_big.png\" alt=\"\" width=\"141\" height=\"195\" \/><\/a><\/p>\n<p>The Barony of Montreux was created March 27, 1993 on the occasion of his first Chapter held at the Chateau de Coppet, near Geneva.<br \/>\nFive Commanders were first dubbed it, as well as the first seven Knights.<\/p>\n<p>Each year, two chapters are organized in various Castles or prestigious venues in western Switzerland. Over two hundred Knights have already been inducted.<br \/>\nThe Barony is set in a wine region, which is considered a feat in light of foreign competition increasingly invasive.<br \/>\nThis does not prevent some local winemakers to bring our title of Knight and among the best defenders of our wines!<\/p><\/blockquote>\n<blockquote><p>\nBARONNIE DE MONTREUX<\/p>\n<p>B.P. 85<br \/>\nCH \u2013 1816 Chailly s\/Montreux<br \/>\nT\u00e9l\u00e9phone +41 21 963 88 24 Site internet : http:\/\/www.baronnie-suisse.ch\/\n<\/p><\/blockquote>\n<p>&nbsp;<br \/>\n&nbsp;<\/p>\n<div class=\"news-baronnies\"> News <\/div>\n<blockquote><p>\n<ul class=\"display-posts-listing\"><li class=\"listing-item\"><a class=\"image\" href=\"https:\/\/commanderiecotesdurhone.fr\/en\/les-voeux-des-baronnies\/\"><img width=\"150\" height=\"150\" src=\"https:\/\/commanderiecotesdurhone.fr\/wp-content\/uploads\/2026\/01\/15-CdR-Bonne-Annee-2026-Groupe-lr4-1-150x150.jpg\" class=\"attachment-thumbnail size-thumbnail wp-post-image\" alt=\"\" decoding=\"async\" loading=\"lazy\" srcset=\"https:\/\/commanderiecotesdurhone.fr\/wp-content\/uploads\/2026\/01\/15-CdR-Bonne-Annee-2026-Groupe-lr4-1-150x150.jpg 150w, https:\/\/commanderiecotesdurhone.fr\/wp-content\/uploads\/2026\/01\/15-CdR-Bonne-Annee-2026-Groupe-lr4-1-350x350.jpg 350w, https:\/\/commanderiecotesdurhone.fr\/wp-content\/uploads\/2026\/01\/15-CdR-Bonne-Annee-2026-Groupe-lr4-1-60x60.jpg 60w\" sizes=\"(max-width: 150px) 100vw, 150px\" \/><\/a> <a class=\"title\" href=\"https:\/\/commanderiecotesdurhone.fr\/en\/les-voeux-des-baronnies\/\">LES VOEUX DES BARONNIES&#8230;<\/a> <span class=\"excerpt-dash\">-<\/span> <span class=\"excerpt\"><\/span><\/li><li class=\"listing-item\"><a class=\"image\" href=\"https:\/\/commanderiecotesdurhone.fr\/en\/bonne-annee-2022-des-baronnies\/\"><img width=\"150\" height=\"150\" src=\"https:\/\/commanderiecotesdurhone.fr\/wp-content\/uploads\/2022\/01\/HAPPY-150x150.jpg\" class=\"attachment-thumbnail size-thumbnail wp-post-image\" alt=\"\" decoding=\"async\" loading=\"lazy\" srcset=\"https:\/\/commanderiecotesdurhone.fr\/wp-content\/uploads\/2022\/01\/HAPPY-150x150.jpg 150w, https:\/\/commanderiecotesdurhone.fr\/wp-content\/uploads\/2022\/01\/HAPPY-60x60.jpg 60w\" sizes=\"(max-width: 150px) 100vw, 150px\" \/><\/a> <a class=\"title\" href=\"https:\/\/commanderiecotesdurhone.fr\/en\/bonne-annee-2022-des-baronnies\/\">BONNE ANN\u00c9E 2022 DES BARONNIES<\/a> <span class=\"excerpt-dash\">-<\/span> <span class=\"excerpt\">\u00a0 \u00a0 \u00a0 \u00a0 \u00a0 LA BARONNIE DE MONTREAL PORTE PAROLE DES\u00a0 BARONNIES DU MONDE<\/span><\/li><li class=\"listing-item\"><a class=\"image\" href=\"https:\/\/commanderiecotesdurhone.fr\/en\/la-baronnie-suisse-en-voyage-en-provence%ef%bb%bf\/\"><img width=\"150\" height=\"150\" src=\"https:\/\/commanderiecotesdurhone.fr\/wp-content\/uploads\/2019\/02\/Nyons-deurre--150x150.jpg\" class=\"attachment-thumbnail size-thumbnail wp-post-image\" alt=\"\" decoding=\"async\" loading=\"lazy\" srcset=\"https:\/\/commanderiecotesdurhone.fr\/wp-content\/uploads\/2019\/02\/Nyons-deurre--150x150.jpg 150w, https:\/\/commanderiecotesdurhone.fr\/wp-content\/uploads\/2019\/02\/Nyons-deurre--614x614.jpg 614w, https:\/\/commanderiecotesdurhone.fr\/wp-content\/uploads\/2019\/02\/Nyons-deurre--350x350.jpg 350w, https:\/\/commanderiecotesdurhone.fr\/wp-content\/uploads\/2019\/02\/Nyons-deurre--60x60.jpg 60w\" sizes=\"(max-width: 150px) 100vw, 150px\" \/><\/a> <a class=\"title\" href=\"https:\/\/commanderiecotesdurhone.fr\/en\/la-baronnie-suisse-en-voyage-en-provence%ef%bb%bf\/\">LA BARONNIE SUISSE EN VOYAGE EN PROVENCE<\/a> <span class=\"excerpt-dash\">-<\/span> <span class=\"excerpt\">La Commanderie des Costes du Rh\u00f4ne est une grande famille dont les ramifications, gr\u00e2ce \u00e0 ses Baronnies, s\u2019\u00e9talent dans le monde entier, de Shanghai \u00e0 Li\u00e8ge et de S\u00e9oul \u00e0 Montr\u00e9al. Mais en Europe, une des Baronnies les plus proches est celle de Montreux en Suisse. C\u2019est aussi une des plus dynamiques, organisant d\u00e9gustations et chapitres toute l\u2019ann\u00e9e. Mais aussi des voyages d\u2019\u00e9tudes r\u00e9guliers dans notre r\u00e9gion, \u00e0 la d\u00e9couverte de nouvelles cuv\u00e9es, de nouveaux domaines et profitant du s\u00e9jour pour participer \u00e0 la vie du pays. C\u2019est ainsi que derni\u00e8rement un groupe de commandeurs ( avec notamment Fran\u00e7ois Sanni\u00e9 et Christian Gerber, deux commandeurs tr\u00e8s impliqu\u00e9s) et des Chevaliers ont sillonn\u00e9 la Dr\u00f4me proven\u00e7ale et le Nord Vaucluse , de Grignan \u00e0 Vaison la romaine en passant par Nyons et Vinsobres, du Domaine de Montine au Domaine de Deurrre \u00e0 Nyons en passant par le Domaine de Grangeneuve ou le Domaine Jaume \u00e0 Vinsobres, d\u00e9gsutant et cavant les truffes, essayant des accords mets et vins dans les restaurants&#8230; Ne doutons pas qu\u2019ils sont retourn\u00e9s les coffres du car bien pleins de flacons des C\u00f4tes du Rh\u00f4ne qu\u2019ils d\u00e9gusteront avec leurs amis suisses. C\u2019est ainsi que la Commanderie contribue pleinement \u00e0 diffuser l\u2019esprit et la renomm\u00e9e de l\u2019Appellation, ce pour quoi elle a \u00e9t\u00e9 cr\u00e9\u00e9e il y a plus de 45 ans\u2026. Photo&nbsp;: rencontre \u00e0 la Boutique du Domaine de Deurre \u00e0 Nyons avec le Commandeur Hubert Valayer<\/span><\/li><li class=\"listing-item\"><a class=\"image\" href=\"https:\/\/commanderiecotesdurhone.fr\/en\/57-chapitre-de-la-baronnie-de-montreux\/\"><img width=\"150\" height=\"150\" src=\"https:\/\/commanderiecotesdurhone.fr\/wp-content\/uploads\/2018\/11\/mg_3123-modifier_45661523052_o-10.39.49-150x150.jpg\" class=\"attachment-thumbnail size-thumbnail wp-post-image\" alt=\"\" decoding=\"async\" loading=\"lazy\" srcset=\"https:\/\/commanderiecotesdurhone.fr\/wp-content\/uploads\/2018\/11\/mg_3123-modifier_45661523052_o-10.39.49-150x150.jpg 150w, https:\/\/commanderiecotesdurhone.fr\/wp-content\/uploads\/2018\/11\/mg_3123-modifier_45661523052_o-10.39.49-614x614.jpg 614w, https:\/\/commanderiecotesdurhone.fr\/wp-content\/uploads\/2018\/11\/mg_3123-modifier_45661523052_o-10.39.49-350x350.jpg 350w, https:\/\/commanderiecotesdurhone.fr\/wp-content\/uploads\/2018\/11\/mg_3123-modifier_45661523052_o-10.39.49-60x60.jpg 60w\" sizes=\"(max-width: 150px) 100vw, 150px\" \/><\/a> <a class=\"title\" href=\"https:\/\/commanderiecotesdurhone.fr\/en\/57-chapitre-de-la-baronnie-de-montreux\/\">57\u00b0 CHAPITRE DE LA BARONNIE DE MONTREUX<\/a> <span class=\"excerpt-dash\">-<\/span> <span class=\"excerpt\">Sorry, this entry is only available in French. For the sake of viewer convenience, the content is shown below in the alternative language. You may click the link to switch the active language. Le 57\u00e8me chapitre de la baronnie suisse a magnifiquement conclu cette ann\u00e9e 2018, celle du 25\u00e8me anniversaire de la Baronnie de Montreux ! Tout d\u2019abord la traditionnelle grande d\u00e9gustation du vendredi soir a r\u00e9uni plus de deux cents amateurs autour d\u2019une soixantaine de vins des Costes du Rh\u00f4ne. Les invit\u00e9s d\u2019honneur \u00e9taient, \u00e0 cette occasion, cinq jeunes producteurs de Ch\u00e2teauneuf-du Pape qui \u00e9prouv\u00e8rent manifestement un vif plaisir \u00e0 commenter leurs crus. Le lendemain d\u2019ailleurs, ce fut un monument de la viticulture valaisanne, Marie-Th\u00e9r\u00e8se Chappaz, qui les re\u00e7ut dans son domaine escarp\u00e9 de la (haute) vall\u00e9e du Rh\u00f4ne, avant le chapitre durant lequel huit nouveaux chevaliers furent intronis\u00e9s dans les r\u00e8gles et avec humour. Enfin, avant de rentrer dans le sud, nos h\u00f4tes d\u00e9couvrirent le domaine Gaillard \u00e0 Epesses, producteur de grands vins du Lavaux, site class\u00e9 au patrimoine mondial par l\u2019UNESCO. Nul doute que ce trop bref passage dans nos vignobles aura marqu\u00e9 favorablement nos amis de Ch\u00e2teauneuf, sans parler des ventes r\u00e9alis\u00e9es aupr\u00e8s de d\u00e9gustateurs enthousiastes\u00a0! Les nouveaux chevaliers\u00a0: Herv\u00e9 BERGER\u00a0\u00a0\u00a0\u00a0\u00a0\u00a0\u00a0\u00a0\u00a0\u00a0\u00a0\u00a0\u00a0\u00a0\u00a0\u00a0\u00a0\u00a0\u00a0\u00a0\u00a0\u00a0\u00a0 ing\u00e9nieur en g\u00e9nie civil Pascal FAVRE\u00a0\u00a0\u00a0\u00a0\u00a0\u00a0\u00a0\u00a0\u00a0\u00a0\u00a0\u00a0\u00a0 musicien, compositeur, professeur Thomas GRETLER\u00a0\u00a0\u00a0\u00a0\u00a0\u00a0 ing\u00e9nieur en g\u00e9nie civil Elena HUBER\u00a0\u00a0\u00a0\u00a0\u00a0\u00a0\u00a0\u00a0\u00a0\u00a0\u00a0\u00a0\u00a0 microm\u00e9canicienne Michael LACKNER\u00a0\u00a0\u00a0\u00a0\u00a0\u00a0 agent financier Aur\u00e9lien PORTA\u00a0\u00a0\u00a0\u00a0\u00a0\u00a0\u00a0\u00a0\u00a0\u00a0 agent immobilier Dani SECO\u00a0\u00a0\u00a0\u00a0\u00a0\u00a0\u00a0\u00a0\u00a0\u00a0\u00a0\u00a0\u00a0\u00a0\u00a0\u00a0\u00a0 chef de projet en informatique Martin THOMAS\u00a0\u00a0\u00a0\u00a0\u00a0\u00a0\u00a0\u00a0\u00a0\u00a0 brasseur (&#8230; de bi\u00e8re)<\/span><\/li><li class=\"listing-item\"><a class=\"image\" href=\"https:\/\/commanderiecotesdurhone.fr\/en\/25eme-anniversaire-de-la-baronnie-de-suisse-a-montreux\/\"><img width=\"150\" height=\"150\" src=\"https:\/\/commanderiecotesdurhone.fr\/wp-content\/uploads\/2018\/06\/DSC_0822-150x150.jpg\" class=\"attachment-thumbnail size-thumbnail wp-post-image\" alt=\"\" decoding=\"async\" loading=\"lazy\" srcset=\"https:\/\/commanderiecotesdurhone.fr\/wp-content\/uploads\/2018\/06\/DSC_0822-150x150.jpg 150w, https:\/\/commanderiecotesdurhone.fr\/wp-content\/uploads\/2018\/06\/DSC_0822-614x614.jpg 614w, https:\/\/commanderiecotesdurhone.fr\/wp-content\/uploads\/2018\/06\/DSC_0822-350x350.jpg 350w, https:\/\/commanderiecotesdurhone.fr\/wp-content\/uploads\/2018\/06\/DSC_0822-60x60.jpg 60w\" sizes=\"(max-width: 150px) 100vw, 150px\" \/><\/a> <a class=\"title\" href=\"https:\/\/commanderiecotesdurhone.fr\/en\/25eme-anniversaire-de-la-baronnie-de-suisse-a-montreux\/\">25\u00e8me ANNIVERSAIRE DE LA BARONNIE DE SUISSE A MONTREUX<\/a> <span class=\"excerpt-dash\">-<\/span> <span class=\"excerpt\">Sorry, this entry is only available in French. For the sake of viewer convenience, the content is shown below in the alternative language. You may click the link to switch the active language. La Baronnie suisse a \u00e9t\u00e9 cr\u00e9\u00e9e le 27 mars 1993 au ch\u00e2teau de Coppet en pr\u00e9sence de nombreux commandeurs fran\u00e7ais, de Max Aubert et G\u00e9rard Pierrefeu pr\u00e9sident du Comit\u00e9 interprofessionnel des vins des CdR. Ce soir-l\u00e0, cinq personnalit\u00e9s furent intronis\u00e9es, dont le nouveau Consul Marcel Baudet. Serge Ronchi lui succ\u00e9da en\u00a0 2005 puis G\u00e9rard Carrel fut \u00e9lu nouveau Consul en 2012. Bien appuy\u00e9e au d\u00e9but par la France, la Baronnie helv\u00e8te\u00a0 vole d\u00e9sormais de ses propres ailes, forte de ses deux cents membres adh\u00e9rents. En 25 ans elle a tenu 56 chapitres et intronis\u00e9 comme Chevaliers ou Officiers 375 hommes et femmes de qualit\u00e9 ! Elle a montr\u00e9 tout son dynamisme et son respect des traditions vigneronnes des Costes du rh\u00f4ne lors d&#8217;un chapitre exceptionnel le samedi 9 juin\u00a0 2018 \u00e0 La terrasse du Petit Palais de Montreux. L&#8217;excellence de l&#8217;accueil, la haute tenue du Chapitre et la qualit\u00e9 des vins servis * prouve que l&#8217;avenir des vins des C\u00f4tes du Rh\u00f4ne est radieux avec de tels ambassadeurs ! *Saint Peray effervescent, C\u00f4tes du Rh\u00f4ne ros\u00e9, Crozes Hermitage, Hermitage blanc, Condrieu, Gigondas rouge, C\u00f4te Rotie, Chateauneuf du pape blanc, Muscat de Beaumes de Venise.. Photos :\u00a0 les 6 intronis\u00e9s et le nouvel Officier avec les Commandeurs Chapitre de cr\u00e9ation le 27 mars 1993 Commandeurs et Officiers 2018 avec l&#8217;ancien Consul Serge Ronchi.<\/span><\/li><\/ul>\n&nbsp;\n<\/p><\/blockquote>","protected":false},"excerpt":{"rendered":"<p>The Barony of Montreux was created March 27, 1993 on the occasion of his first Chapter held at the Chateau de Coppet, near Geneva. Five Commanders were first dubbed it, as well as the first seven Knights. Each year, two chapters are organized in various Castles or prestigious venues in western Switzerland. Over two hundred Knights have already been inducted. The Barony is set in a wine region, which is considered a feat in light of foreign competition increasingly invasive. This does not prevent some local winemakers to bring our title of Knight and among the best defenders of our wines! BARONNIE DE MONTREUX B.P. 85 CH \u2013 1816 Chailly s\/Montreux T\u00e9l\u00e9phone +41 21 963 88 24 Site internet : http:\/\/www.baronnie-suisse.ch\/ &nbsp; &nbsp; News &nbsp;<\/p>\n","protected":false},"author":6,"featured_media":153,"parent":98,"menu_order":0,"comment_status":"closed","ping_status":"closed","template":"","meta":[],"_links":{"self":[{"href":"https:\/\/commanderiecotesdurhone.fr\/en\/wp-json\/wp\/v2\/pages\/113"}],"collection":[{"href":"https:\/\/commanderiecotesdurhone.fr\/en\/wp-json\/wp\/v2\/pages"}],"about":[{"href":"https:\/\/commanderiecotesdurhone.fr\/en\/wp-json\/wp\/v2\/types\/page"}],"author":[{"embeddable":true,"href":"https:\/\/commanderiecotesdurhone.fr\/en\/wp-json\/wp\/v2\/users\/6"}],"replies":[{"embeddable":true,"href":"https:\/\/commanderiecotesdurhone.fr\/en\/wp-json\/wp\/v2\/comments?post=113"}],"version-history":[{"count":9,"href":"https:\/\/commanderiecotesdurhone.fr\/en\/wp-json\/wp\/v2\/pages\/113\/revisions"}],"predecessor-version":[{"id":2398,"href":"https:\/\/commanderiecotesdurhone.fr\/en\/wp-json\/wp\/v2\/pages\/113\/revisions\/2398"}],"up":[{"embeddable":true,"href":"https:\/\/commanderiecotesdurhone.fr\/en\/wp-json\/wp\/v2\/pages\/98"}],"wp:featuredmedia":[{"embeddable":true,"href":"https:\/\/commanderiecotesdurhone.fr\/en\/wp-json\/wp\/v2\/media\/153"}],"wp:attachment":[{"href":"https:\/\/commanderiecotesdurhone.fr\/en\/wp-json\/wp\/v2\/media?parent=113"}],"curies":[{"name":"wp","href":"https:\/\/api.w.org\/{rel}","templated":true}]}}