{"id":1070,"date":"2016-03-11T08:32:35","date_gmt":"2016-03-11T08:32:35","guid":{"rendered":"http:\/\/xobu5997.odns.fr\/?page_id=1070"},"modified":"2018-04-17T08:34:34","modified_gmt":"2018-04-17T08:34:34","slug":"actualites","status":"publish","type":"page","link":"https:\/\/commanderiecotesdurhone.fr\/en\/les-baronnies\/la-baronnie-de-montreux\/actualites\/","title":{"rendered":"Actualit\u00e9s"},"content":{"rendered":"<p class=\"qtranxs-available-languages-message qtranxs-available-languages-message-en\">Sorry, this entry is only available in <a href=\"https:\/\/commanderiecotesdurhone.fr\/fr\/wp-json\/wp\/v2\/pages\/1070\" class=\"qtranxs-available-language-link qtranxs-available-language-link-fr\" title=\"Fran\u00e7ais\">French<\/a>. For the sake of viewer convenience, the content is shown below in the alternative language. You may click the link to switch the active language.<\/p><span style=\"font-size: 18pt;\"><strong>9 juin 2018 : <\/strong>chapitre du 25<sup>\u00e8me\u00a0<\/sup>au Petit Palais du Palace de Montreux<\/span><\/p>\n<p><em><span style=\"font-size: 18pt;\">Programme :<\/span><\/em><\/p>\n<p><em><span style=\"font-size: 18pt;\"><span style=\"font-family: 'Arial Narrow';\">Ap\u00e9ritif \u00e0 18h. Durant ce temps sera projet\u00e9 un petit montage visuel depuis les d\u00e9buts de la Baronnie.<br \/>\n<\/span><\/span><\/em><\/p>\n<p><em><span style=\"font-size: 18pt;\"><span style=\"font-family: 'Arial Narrow';\">Les intronisations commenceront vers 19h30 avec une br\u00e8ve \u00e9vocation de l&#8217;histoire de la Baronnie.<\/span><\/span><\/em><\/p>\n<p><em><span style=\"font-size: 18pt;\"><span style=\"font-family: 'Arial Narrow';\">Le repas commencera vers 20h pour s&#8217;achever sagement \u00e0 minuit.<\/span><\/span><\/em><\/p>\n<p>&nbsp;","protected":false},"excerpt":{"rendered":"<p>Sorry, this entry is only available in French. For the sake of viewer convenience, the content is shown below in the alternative language. You may click the link to switch the active language.9 juin 2018 : chapitre du 25\u00e8me\u00a0au Petit Palais du Palace de Montreux Programme : Ap\u00e9ritif \u00e0 18h. Durant ce temps sera projet\u00e9 un petit montage visuel depuis les d\u00e9buts de la Baronnie. Les intronisations commenceront vers 19h30 avec une br\u00e8ve \u00e9vocation de l&#8217;histoire de la Baronnie. Le repas commencera vers 20h pour s&#8217;achever sagement \u00e0 minuit. &nbsp;<\/p>\n","protected":false},"author":6,"featured_media":0,"parent":113,"menu_order":0,"comment_status":"closed","ping_status":"closed","template":"","meta":[],"_links":{"self":[{"href":"https:\/\/commanderiecotesdurhone.fr\/en\/wp-json\/wp\/v2\/pages\/1070"}],"collection":[{"href":"https:\/\/commanderiecotesdurhone.fr\/en\/wp-json\/wp\/v2\/pages"}],"about":[{"href":"https:\/\/commanderiecotesdurhone.fr\/en\/wp-json\/wp\/v2\/types\/page"}],"author":[{"embeddable":true,"href":"https:\/\/commanderiecotesdurhone.fr\/en\/wp-json\/wp\/v2\/users\/6"}],"replies":[{"embeddable":true,"href":"https:\/\/commanderiecotesdurhone.fr\/en\/wp-json\/wp\/v2\/comments?post=1070"}],"version-history":[{"count":3,"href":"https:\/\/commanderiecotesdurhone.fr\/en\/wp-json\/wp\/v2\/pages\/1070\/revisions"}],"predecessor-version":[{"id":2415,"href":"https:\/\/commanderiecotesdurhone.fr\/en\/wp-json\/wp\/v2\/pages\/1070\/revisions\/2415"}],"up":[{"embeddable":true,"href":"https:\/\/commanderiecotesdurhone.fr\/en\/wp-json\/wp\/v2\/pages\/113"}],"wp:attachment":[{"href":"https:\/\/commanderiecotesdurhone.fr\/en\/wp-json\/wp\/v2\/media?parent=1070"}],"curies":[{"name":"wp","href":"https:\/\/api.w.org\/{rel}","templated":true}]}}