{"id":1062,"date":"2016-03-11T08:30:57","date_gmt":"2016-03-11T08:30:57","guid":{"rendered":"http:\/\/xobu5997.odns.fr\/?page_id=1062"},"modified":"2025-05-22T13:52:12","modified_gmt":"2025-05-22T13:52:12","slug":"actualites","status":"publish","type":"page","link":"https:\/\/commanderiecotesdurhone.fr\/en\/les-baronnies\/montreal\/actualites\/","title":{"rendered":"Actualit\u00e9s"},"content":{"rendered":"\n<p><span style=\"font-size: 24px;\"><strong>\u00a0 \u00a0 \u00a0 \u00a0 \u00a0 \u00a0 \u00a0 \u00a0 \u00a0 \u00a0 \u00a0 \u00a0 40<\/strong>\u00a0<strong>ANS<\/strong> <strong>DE<\/strong>\u00a0<strong>LA BARONNIE DE MONTREAL<\/strong><\/span><\/p>\n<p><span style=\"font-size: 24px;\">La Baronnie de Montr\u00e9al a f\u00eat\u00e9 ses 40 ans d&#8217;existence le 24 Octobre 2024 <\/span><\/p>\n<p><span style=\"font-size: 24px;\">A cette occasion elle a edit\u00e9 un programme souvenir \u00e0 d\u00e9couvrir <strong><a href=\"http:\/\/xobu5997.odns.fr\/wp-content\/uploads\/2025\/05\/CdR2024-Brochure-Au-24-septOpti2-1.pdf\">ICI<\/a><\/strong><\/span><\/p>\n<p>\u00a0<\/p>\n<p>\u00a0<\/p>\n","protected":false},"excerpt":{"rendered":"<p>\u00a0 \u00a0 \u00a0 \u00a0 \u00a0 \u00a0 \u00a0 \u00a0 \u00a0 \u00a0 \u00a0 \u00a0 40\u00a0ANS DE\u00a0LA BARONNIE DE MONTREAL La Baronnie de Montr\u00e9al a f\u00eat\u00e9 ses 40 ans d&#8217;existence le 24 Octobre 2024 A cette occasion elle a edit\u00e9 un programme souvenir \u00e0 d\u00e9couvrir ICI \u00a0 \u00a0<\/p>\n","protected":false},"author":9,"featured_media":0,"parent":162,"menu_order":0,"comment_status":"closed","ping_status":"closed","template":"","meta":[],"_links":{"self":[{"href":"https:\/\/commanderiecotesdurhone.fr\/en\/wp-json\/wp\/v2\/pages\/1062"}],"collection":[{"href":"https:\/\/commanderiecotesdurhone.fr\/en\/wp-json\/wp\/v2\/pages"}],"about":[{"href":"https:\/\/commanderiecotesdurhone.fr\/en\/wp-json\/wp\/v2\/types\/page"}],"author":[{"embeddable":true,"href":"https:\/\/commanderiecotesdurhone.fr\/en\/wp-json\/wp\/v2\/users\/9"}],"replies":[{"embeddable":true,"href":"https:\/\/commanderiecotesdurhone.fr\/en\/wp-json\/wp\/v2\/comments?post=1062"}],"version-history":[{"count":3,"href":"https:\/\/commanderiecotesdurhone.fr\/en\/wp-json\/wp\/v2\/pages\/1062\/revisions"}],"predecessor-version":[{"id":4621,"href":"https:\/\/commanderiecotesdurhone.fr\/en\/wp-json\/wp\/v2\/pages\/1062\/revisions\/4621"}],"up":[{"embeddable":true,"href":"https:\/\/commanderiecotesdurhone.fr\/en\/wp-json\/wp\/v2\/pages\/162"}],"wp:attachment":[{"href":"https:\/\/commanderiecotesdurhone.fr\/en\/wp-json\/wp\/v2\/media?parent=1062"}],"curies":[{"name":"wp","href":"https:\/\/api.w.org\/{rel}","templated":true}]}}