{"id":1052,"date":"2016-03-11T08:28:20","date_gmt":"2016-03-11T08:28:20","guid":{"rendered":"http:\/\/xobu5997.odns.fr\/?page_id=1052"},"modified":"2017-04-19T14:59:25","modified_gmt":"2017-04-19T14:59:25","slug":"chapitres","status":"publish","type":"page","link":"https:\/\/commanderiecotesdurhone.fr\/en\/les-baronnies\/la-baronnie-de-drummondville\/chapitres\/","title":{"rendered":"Chapitres"},"content":{"rendered":"<p class=\"qtranxs-available-languages-message qtranxs-available-languages-message-en\">Sorry, this entry is only available in <a href=\"https:\/\/commanderiecotesdurhone.fr\/fr\/wp-json\/wp\/v2\/pages\/1052\" class=\"qtranxs-available-language-link qtranxs-available-language-link-fr\" title=\"Fran\u00e7ais\">French<\/a>. For the sake of viewer convenience, the content is shown below in the alternative language. You may click the link to switch the active language.<\/p><blockquote>\n<h2 class=\"innerH2\" style=\"text-align: justify;\"><span style=\"font-size: 18pt;\">Nouveau Consul<\/span><\/h2>\n<p style=\"text-align: justify;\"><span style=\"font-size: 18pt;\"> <a href=\"http:\/\/xobu5997.odns.fr\/wp-content\/uploads\/2016\/03\/25-Nos-commandeurs-et-le-nouveau-Chevalier.jpg\"><img decoding=\"async\" loading=\"lazy\" class=\"size-medium wp-image-2054 alignleft\" src=\"http:\/\/xobu5997.odns.fr\/wp-content\/uploads\/2016\/03\/25-Nos-commandeurs-et-le-nouveau-Chevalier-300x276.jpg\" alt=\"25-nos-commandeurs-et-le-nouveau-chevalier\" width=\"300\" height=\"276\" srcset=\"https:\/\/commanderiecotesdurhone.fr\/wp-content\/uploads\/2016\/03\/25-Nos-commandeurs-et-le-nouveau-Chevalier-300x276.jpg 300w, https:\/\/commanderiecotesdurhone.fr\/wp-content\/uploads\/2016\/03\/25-Nos-commandeurs-et-le-nouveau-Chevalier-768x707.jpg 768w, https:\/\/commanderiecotesdurhone.fr\/wp-content\/uploads\/2016\/03\/25-Nos-commandeurs-et-le-nouveau-Chevalier.jpg 834w\" sizes=\"(max-width: 300px) 100vw, 300px\" \/><\/a>C\u2019est avec un plaisir renouvel\u00e9 que les membres de la baronnie de Drummondville ont f\u00eat\u00e9 leur chapitre 2016, le 4 juin dernier, au Vignoble Domaine des 3 f\u00fbts (*) appartenant au nouveau chevalier, M. Richard Messier. Une magnifique journ\u00e9e dans un endroit enchanteur et unique puisqu\u2019il s\u2019agit du seul vignoble de la municipalit\u00e9 de Drummondville. La plupart des membres \u00e9taient sur place avec leurs invit\u00e9s pour l\u2019intronisation de M. Messier \u00e0 titre de Chevalier et de M. Dino Halikas \u00e0 titre de Commandeur. M. Halikas, Biologiste et Naturopathe de profession, f\u00fbt, par la m\u00eame occasion, \u00a0\u00e9lu par ses pairs, nouveau Consul de la Baronnie de Drummondville suite au d\u00e9part \u00e0 la retraite de M. Martin Ruel. En f\u00e9vrier 2015 une rencontre avec M. Patrick Galant avait eu lieu \u00e0 Drummondville afin d\u2019officialiser les modifications.<\/span><\/p>\n<p><span style=\"font-size: 18pt;\">*Vignoble du Domaine des 3 f\u00fbts en quelques mots\u00a0: Plant\u00e9 en 2011-2012 &#8211; 9000 plants en agriculture biologique (certification 2014) &#8211; C\u00e9pages hybrides rustiques qui ne n\u00e9cessitent pas de protection hivernale. Les rouges\u00a0: Marquette, St-Croix et Frontenac noir &#8211;\u00a0Les blancs\u00a0: Frontenac Gris, LaCrescent et Frontenac Blanc<\/span><\/p>\n<p><span style=\"font-size: 18pt;\">Cuv\u00e9es des Messiers\u00a0:<\/span><\/p>\n<p><span style=\"font-size: 18pt;\">La famille Messier du <strong>Domaine des 3 f\u00fbts<\/strong>, a nomm\u00e9 ces cuv\u00e9es en r\u00e9f\u00e9rence \u00e0 ses anc\u00eatres fran\u00e7ais, les \u2018messiers\u2019 qui, d\u00e8s le Moyen \u00c2ge, \u00e9taient d\u00e9sign\u00e9s pour garder les vignes avant les vendanges. On les imagine patrouillant les vignes avec une hallebarde et leur chien, prot\u00e9geant ainsi le gagne-pain des vignerons, ce qui\u00a0 en faisait une fonction respect\u00e9e et honorable. Si l\u2019histoire des \u2018messiers\u2019 vous int\u00e9resse, vous trouverez des liens pour en apprendre plus sur le site web du vignoble.\u00a0<a href=\"http:\/\/www.3futs.com\">www.3futs.com<\/a><\/span><\/p>\n<h2 class=\"innerH2\" style=\"text-align: justify;\"><span style=\"font-size: 18pt;\">Derniers Chapitres<\/span><\/h2>\n<p style=\"text-align: justify;\"><span style=\"font-size: 18pt;\">En juin 2013, une activit\u00e9 estivale qui a eu lieu avec une soir\u00e9e o\u00f9 les vins des C\u00f4tes du Rh\u00f4ne ont \u00e9t\u00e9 \u00e0 <a href=\"http:\/\/xobu5997.odns.fr\/wp-content\/uploads\/2016\/03\/Drummond.jpg\"><img decoding=\"async\" loading=\"lazy\" class=\" wp-image-1868 alignright\" src=\"http:\/\/xobu5997.odns.fr\/wp-content\/uploads\/2016\/03\/Drummond-300x175.jpg\" alt=\"Microsoft Word - 2012 Intronisation en images.doc\" width=\"315\" height=\"184\" srcset=\"https:\/\/commanderiecotesdurhone.fr\/wp-content\/uploads\/2016\/03\/Drummond-300x175.jpg 300w, https:\/\/commanderiecotesdurhone.fr\/wp-content\/uploads\/2016\/03\/Drummond.jpg 440w\" sizes=\"(max-width: 315px) 100vw, 315px\" \/><\/a>l\u2019honneur.\u00a0 \u00c0 cette occasion nous avons intronis\u00e9 un Chevalier M. Denis Desmarais. Nous avons aussi effectu\u00e9 une activit\u00e9 pour clore la saison en juin 2014 par un repas gastronomique arros\u00e9 des meilleurs vins du Rh\u00f4ne et o\u00f9 \u00e9taient pr\u00e9sents une trentaine de personnes. La Baronnie a un calendrier charg\u00e9 d\u2019activit\u00e9s chaque ann\u00e9e faisant en sorte d\u2019avoir des d\u00e9gustations qui commenceront \u00e0 partir du 26 septembre 2014 pour se terminer vers le mois de juin 2015 et qui se reproduisent toutes les 3 semaines en plus des d\u00e9gustations techniques des vins du Rh\u00f4ne et tout en incluant des repas gastronomiques 2 \u00e0 3 fois par saison. <\/span><br \/>\n<span style=\"font-size: 18pt;\">La Baronnie \u0153uvre donc r\u00e9guli\u00e8rement pour le bon renom de l\u2019Appellation.<\/span><\/p>\n<div class=\"clear\"><\/div>\n<\/blockquote>","protected":false},"excerpt":{"rendered":"<p>Sorry, this entry is only available in French. For the sake of viewer convenience, the content is shown below in the alternative language. You may click the link to switch the active language. Nouveau Consul C\u2019est avec un plaisir renouvel\u00e9 que les membres de la baronnie de Drummondville ont f\u00eat\u00e9 leur chapitre 2016, le 4 juin dernier, au Vignoble Domaine des 3 f\u00fbts (*) appartenant au nouveau chevalier, M. Richard Messier. Une magnifique journ\u00e9e dans un endroit enchanteur et unique puisqu\u2019il s\u2019agit du seul vignoble de la municipalit\u00e9 de Drummondville. La plupart des membres \u00e9taient sur place avec leurs invit\u00e9s pour l\u2019intronisation de M. Messier \u00e0 titre de Chevalier et de M. Dino Halikas \u00e0 titre de Commandeur. M. Halikas, Biologiste et Naturopathe de profession, f\u00fbt, par la m\u00eame occasion, \u00a0\u00e9lu par ses pairs, nouveau Consul de la Baronnie de Drummondville suite au d\u00e9part \u00e0 la retraite de M. Martin Ruel. En f\u00e9vrier 2015 une rencontre avec M. Patrick Galant avait eu lieu \u00e0 Drummondville afin d\u2019officialiser les modifications. *Vignoble du Domaine des 3 f\u00fbts en quelques mots\u00a0: Plant\u00e9 en 2011-2012 &#8211; 9000 plants en agriculture biologique (certification 2014) &#8211; C\u00e9pages hybrides rustiques qui ne n\u00e9cessitent pas de protection hivernale. Les rouges\u00a0: Marquette, St-Croix et Frontenac noir &#8211;\u00a0Les blancs\u00a0: Frontenac Gris, LaCrescent et Frontenac Blanc Cuv\u00e9es des Messiers\u00a0: La famille Messier du Domaine des 3 f\u00fbts, a nomm\u00e9 ces cuv\u00e9es en r\u00e9f\u00e9rence \u00e0 ses anc\u00eatres fran\u00e7ais, les \u2018messiers\u2019 qui, d\u00e8s le Moyen \u00c2ge, \u00e9taient d\u00e9sign\u00e9s pour garder les vignes avant les vendanges. On les imagine patrouillant les vignes avec une hallebarde et leur chien, prot\u00e9geant ainsi le gagne-pain des vignerons, ce qui\u00a0 en faisait une fonction respect\u00e9e et honorable. Si l\u2019histoire des \u2018messiers\u2019 vous int\u00e9resse, vous trouverez des liens pour en apprendre plus sur le site web du vignoble.\u00a0www.3futs.com Derniers Chapitres En juin 2013, une activit\u00e9 estivale qui a eu lieu avec une soir\u00e9e o\u00f9 les vins des C\u00f4tes du Rh\u00f4ne ont \u00e9t\u00e9 \u00e0 l\u2019honneur.\u00a0 \u00c0 cette occasion nous avons intronis\u00e9 un Chevalier M. Denis Desmarais. Nous avons aussi effectu\u00e9 une activit\u00e9 pour clore la saison en juin 2014 par un repas gastronomique arros\u00e9 des meilleurs vins du Rh\u00f4ne et o\u00f9 \u00e9taient pr\u00e9sents une trentaine de personnes. La Baronnie a un calendrier charg\u00e9 d\u2019activit\u00e9s chaque ann\u00e9e faisant en sorte d\u2019avoir des d\u00e9gustations qui commenceront \u00e0 partir du 26 septembre 2014 pour se terminer vers le mois de juin 2015 et qui se reproduisent toutes les 3 semaines en plus des d\u00e9gustations techniques des vins du Rh\u00f4ne et tout en incluant des repas gastronomiques 2 \u00e0 3 fois par saison. La Baronnie \u0153uvre donc r\u00e9guli\u00e8rement pour le bon renom de l\u2019Appellation.<\/p>\n","protected":false},"author":8,"featured_media":1868,"parent":124,"menu_order":0,"comment_status":"closed","ping_status":"closed","template":"","meta":[],"_links":{"self":[{"href":"https:\/\/commanderiecotesdurhone.fr\/en\/wp-json\/wp\/v2\/pages\/1052"}],"collection":[{"href":"https:\/\/commanderiecotesdurhone.fr\/en\/wp-json\/wp\/v2\/pages"}],"about":[{"href":"https:\/\/commanderiecotesdurhone.fr\/en\/wp-json\/wp\/v2\/types\/page"}],"author":[{"embeddable":true,"href":"https:\/\/commanderiecotesdurhone.fr\/en\/wp-json\/wp\/v2\/users\/8"}],"replies":[{"embeddable":true,"href":"https:\/\/commanderiecotesdurhone.fr\/en\/wp-json\/wp\/v2\/comments?post=1052"}],"version-history":[{"count":6,"href":"https:\/\/commanderiecotesdurhone.fr\/en\/wp-json\/wp\/v2\/pages\/1052\/revisions"}],"predecessor-version":[{"id":2055,"href":"https:\/\/commanderiecotesdurhone.fr\/en\/wp-json\/wp\/v2\/pages\/1052\/revisions\/2055"}],"up":[{"embeddable":true,"href":"https:\/\/commanderiecotesdurhone.fr\/en\/wp-json\/wp\/v2\/pages\/124"}],"wp:featuredmedia":[{"embeddable":true,"href":"https:\/\/commanderiecotesdurhone.fr\/en\/wp-json\/wp\/v2\/media\/1868"}],"wp:attachment":[{"href":"https:\/\/commanderiecotesdurhone.fr\/en\/wp-json\/wp\/v2\/media?parent=1052"}],"curies":[{"name":"wp","href":"https:\/\/api.w.org\/{rel}","templated":true}]}}