{"id":1050,"date":"2015-12-01T08:27:53","date_gmt":"2015-12-01T08:27:53","guid":{"rendered":"http:\/\/xobu5997.odns.fr\/?page_id=1050"},"modified":"2021-01-12T15:33:41","modified_gmt":"2021-01-12T15:33:41","slug":"chapitres","status":"publish","type":"page","link":"https:\/\/commanderiecotesdurhone.fr\/en\/les-baronnies\/seoul\/chapitres\/","title":{"rendered":"Chapitres"},"content":{"rendered":"<p class=\"qtranxs-available-languages-message qtranxs-available-languages-message-en\">Sorry, this entry is only available in <a href=\"https:\/\/commanderiecotesdurhone.fr\/fr\/wp-json\/wp\/v2\/pages\/1050\" class=\"qtranxs-available-language-link qtranxs-available-language-link-fr\" title=\"Fran\u00e7ais\">French<\/a>. For the sake of viewer convenience, the content is shown below in the alternative language. You may click the link to switch the active language.<\/p><blockquote>\n<h2 class=\"innerH2\"><span style=\"font-size: 18pt;color: #000000\">Chapitres &#8211; Novembre\u00a02015<\/span><\/h2>\n<div class=\"clear\" style=\"text-align: justify\"><span style=\"font-size: 18pt;color: #000000\"><a href=\"http:\/\/xobu5997.odns.fr\/wp-content\/uploads\/2021\/01\/23a-Miss-Cor\u00e9e.jpg\"><img decoding=\"async\" loading=\"lazy\" class=\"size-medium wp-image-3698 alignleft\" src=\"http:\/\/xobu5997.odns.fr\/wp-content\/uploads\/2021\/01\/23a-Miss-Cor\u00e9e-202x300.jpg\" alt=\"\" width=\"202\" height=\"300\" srcset=\"https:\/\/commanderiecotesdurhone.fr\/wp-content\/uploads\/2021\/01\/23a-Miss-Cor\u00e9e-202x300.jpg 202w, https:\/\/commanderiecotesdurhone.fr\/wp-content\/uploads\/2021\/01\/23a-Miss-Cor\u00e9e.jpg 271w\" sizes=\"(max-width: 202px) 100vw, 202px\" \/><\/a>La Baronnie de S\u00e9oul a c\u00e9l\u00e9br\u00e9 avec brio le 26 novembre 2015 \u00e0 Boussau et le 27 novembre \u00e0 S\u00e9oul, les C\u00f4tes du Rh\u00f4ne. Gr\u00e2ce \u00e0 Mr Lee Dong-Hyun , Consul, plus de trente Chevaliers sont venus rejoindre la cha\u00eene d\u2019amiti\u00e9 que repr\u00e9sente notre Baronnie. Si trois politiques importants du parlement de la Cor\u00e9e sont venus rejoindre cette Baronnie, on remarquait l\u2019intronisation de Miss Cor\u00e9e, ainsi que de nombreux journalistes de la t\u00e9l\u00e9vision et de la presse \u00e9crite, tr\u00e8s honor\u00e9s de devenir Chevaliers. Merci \u00e0 Jaseon PAEK, notre traductrice et charg\u00e9e des relations publiques pour le travail et l\u2019accompagnement qu\u2019elle assure tout au long de l\u2019ann\u00e9e.<\/span><\/div>\n<div class=\"clear\" style=\"text-align: justify\"><\/div>\n<div class=\"clear\" style=\"text-align: justify\">\u00a0<span style=\"font-size: 18pt;color: #000000\">Le grand Ma\u00eetre Patrick Galant a eu le privil\u00e8ge d\u2019introniser Miss Cor\u00e9e du Sud qui a particip\u00e9 \u00a0ensuite, en d\u00e9cembre 2015 , \u00e0 l\u2019\u00e9lection de Miss Univers (notre photo). L\u2018occasion d\u2019une belle photo de celle qui est surement la plus belle des Chevaliers de la Commanderie\u2026<\/span><\/div>\n<\/blockquote>\n<div class=\"clear\" style=\"text-align: justify\"><\/div>\n<div class=\"clear\" style=\"text-align: justify\"><\/div>\n<div class=\"clear\" style=\"text-align: justify\"><\/div>\n<div class=\"clear\" style=\"text-align: justify\"><\/div>\n<div class=\"clear\" style=\"text-align: justify\"><\/div>\n<div class=\"clear\" style=\"text-align: justify\"><\/div>\n<div class=\"clear\" style=\"text-align: justify\"><\/div>\n<div class=\"clear\" style=\"text-align: justify\"><\/div>\n<blockquote>\n<div class=\"clear\" style=\"text-align: justify\"><strong><span style=\"font-size: 18pt;color: #000000\"><em>Chapitres Novembre 2014<\/em><\/span><\/strong><\/div>\n<div class=\"clear\" style=\"text-align: justify\"><\/div>\n<div class=\"clear\" style=\"text-align: justify\"><span style=\"font-size: 18pt\">Le 18 novembre 2014,\u00a0devant une assistance nombreuse, la Baronnie de S\u00e9oul a ouvert la saison 2014\/20<img decoding=\"async\" loading=\"lazy\" class=\"size-medium wp-image-1767 alignleft\" src=\"http:\/\/xobu5997.odns.fr\/wp-content\/uploads\/2015\/12\/23-Seoul-300x225.jpg\" alt=\"23 - Seoul\" width=\"300\" height=\"225\" \/>15 par un grand chapitre qui a honor\u00e9 dix nouveaux intronis\u00e9s. C\u2019est avec beaucoup de respect et une pointe de retenue que le Consul Lee Dong-Hyun recevait ces nouveaux imp\u00e9trants qui ont jur\u00e9, par Bacchus et saint-Vincent de rester fid\u00e8les \u00e0 la commanderie des Costes du Rh\u00f4ne et \u00e0 la notori\u00e9t\u00e9 des vins du Rh\u00f4ne. Quelques jours plus tard Poussan accueillait un nouveau chapitre le jeudi 20 novembre, huit heures avant la France pour d\u00e9guster et go\u00fbter au vin nouveau, le Primeur, roi de la f\u00eate pour plus de 350 personnes dans un grand h\u00f4tel .Tous ont envie de revenir l\u2019an prochain pour ces moments de joie et de bonheur que procure notre C\u00f4tes du Rh\u00f4ne.<\/span><\/div>\n<\/blockquote>","protected":false},"excerpt":{"rendered":"<p>Sorry, this entry is only available in French. For the sake of viewer convenience, the content is shown below in the alternative language. You may click the link to switch the active language. Chapitres &#8211; Novembre\u00a02015 La Baronnie de S\u00e9oul a c\u00e9l\u00e9br\u00e9 avec brio le 26 novembre 2015 \u00e0 Boussau et le 27 novembre \u00e0 S\u00e9oul, les C\u00f4tes du Rh\u00f4ne. Gr\u00e2ce \u00e0 Mr Lee Dong-Hyun , Consul, plus de trente Chevaliers sont venus rejoindre la cha\u00eene d\u2019amiti\u00e9 que repr\u00e9sente notre Baronnie. Si trois politiques importants du parlement de la Cor\u00e9e sont venus rejoindre cette Baronnie, on remarquait l\u2019intronisation de Miss Cor\u00e9e, ainsi que de nombreux journalistes de la t\u00e9l\u00e9vision et de la presse \u00e9crite, tr\u00e8s honor\u00e9s de devenir Chevaliers. Merci \u00e0 Jaseon PAEK, notre traductrice et charg\u00e9e des relations publiques pour le travail et l\u2019accompagnement qu\u2019elle assure tout au long de l\u2019ann\u00e9e. \u00a0Le grand Ma\u00eetre Patrick Galant a eu le privil\u00e8ge d\u2019introniser Miss Cor\u00e9e du Sud qui a particip\u00e9 \u00a0ensuite, en d\u00e9cembre 2015 , \u00e0 l\u2019\u00e9lection de Miss Univers (notre photo). L\u2018occasion d\u2019une belle photo de celle qui est surement la plus belle des Chevaliers de la Commanderie\u2026 Chapitres Novembre 2014 Le 18 novembre 2014,\u00a0devant une assistance nombreuse, la Baronnie de S\u00e9oul a ouvert la saison 2014\/2015 par un grand chapitre qui a honor\u00e9 dix nouveaux intronis\u00e9s. C\u2019est avec beaucoup de respect et une pointe de retenue que le Consul Lee Dong-Hyun recevait ces nouveaux imp\u00e9trants qui ont jur\u00e9, par Bacchus et saint-Vincent de rester fid\u00e8les \u00e0 la commanderie des Costes du Rh\u00f4ne et \u00e0 la notori\u00e9t\u00e9 des vins du Rh\u00f4ne. Quelques jours plus tard Poussan accueillait un nouveau chapitre le jeudi 20 novembre, huit heures avant la France pour d\u00e9guster et go\u00fbter au vin nouveau, le Primeur, roi de la f\u00eate pour plus de 350 personnes dans un grand h\u00f4tel .Tous ont envie de revenir l\u2019an prochain pour ces moments de joie et de bonheur que procure notre C\u00f4tes du Rh\u00f4ne.<\/p>\n","protected":false},"author":11,"featured_media":0,"parent":1037,"menu_order":0,"comment_status":"closed","ping_status":"closed","template":"","meta":[],"_links":{"self":[{"href":"https:\/\/commanderiecotesdurhone.fr\/en\/wp-json\/wp\/v2\/pages\/1050"}],"collection":[{"href":"https:\/\/commanderiecotesdurhone.fr\/en\/wp-json\/wp\/v2\/pages"}],"about":[{"href":"https:\/\/commanderiecotesdurhone.fr\/en\/wp-json\/wp\/v2\/types\/page"}],"author":[{"embeddable":true,"href":"https:\/\/commanderiecotesdurhone.fr\/en\/wp-json\/wp\/v2\/users\/11"}],"replies":[{"embeddable":true,"href":"https:\/\/commanderiecotesdurhone.fr\/en\/wp-json\/wp\/v2\/comments?post=1050"}],"version-history":[{"count":3,"href":"https:\/\/commanderiecotesdurhone.fr\/en\/wp-json\/wp\/v2\/pages\/1050\/revisions"}],"predecessor-version":[{"id":3700,"href":"https:\/\/commanderiecotesdurhone.fr\/en\/wp-json\/wp\/v2\/pages\/1050\/revisions\/3700"}],"up":[{"embeddable":true,"href":"https:\/\/commanderiecotesdurhone.fr\/en\/wp-json\/wp\/v2\/pages\/1037"}],"wp:attachment":[{"href":"https:\/\/commanderiecotesdurhone.fr\/en\/wp-json\/wp\/v2\/media?parent=1050"}],"curies":[{"name":"wp","href":"https:\/\/api.w.org\/{rel}","templated":true}]}}