{"id":1046,"date":"2016-03-11T08:27:11","date_gmt":"2016-03-11T08:27:11","guid":{"rendered":"http:\/\/xobu5997.odns.fr\/?page_id=1046"},"modified":"2016-05-19T14:05:11","modified_gmt":"2016-05-19T14:05:11","slug":"chapitres","status":"publish","type":"page","link":"https:\/\/commanderiecotesdurhone.fr\/en\/les-baronnies\/la-baronnie-de-palatinat\/chapitres\/","title":{"rendered":"Chapitres"},"content":{"rendered":"<p class=\"qtranxs-available-languages-message qtranxs-available-languages-message-en\">Sorry, this entry is only available in <a href=\"https:\/\/commanderiecotesdurhone.fr\/fr\/wp-json\/wp\/v2\/pages\/1046\" class=\"qtranxs-available-language-link qtranxs-available-language-link-fr\" title=\"Fran\u00e7ais\">French<\/a>. For the sake of viewer convenience, the content is shown below in the alternative language. You may click the link to switch the active language.<\/p><blockquote>\n<h2 class=\"innerH2\" style=\"text-align: justify;\"><span style=\"font-size: 18pt;\">Chapitres de l&#8217;ann\u00e9e 2015<\/span><\/h2>\n<\/blockquote>\n<p style=\"text-align: justify;\"><span style=\"font-size: 18pt;\">A Mu\u00dfbach l&#8217;ann\u00e9e 2015 a \u00e9t\u00e9 \u00a0constell\u00e9e de n<a href=\"http:\/\/xobu5997.odns.fr\/wp-content\/uploads\/2016\/03\/18-Palatinat.jpg\"><img decoding=\"async\" loading=\"lazy\" class=\"size-medium wp-image-1765 alignright\" src=\"http:\/\/xobu5997.odns.fr\/wp-content\/uploads\/2016\/03\/18-Palatinat-300x225.jpg\" alt=\"18 -Palatinat\" width=\"300\" height=\"225\" \/><\/a>ombreuses manifestations. Comme chaque ann\u00e9e c&#8217;est l&#8217;assembl\u00e9e g\u00e9n\u00e9rale de la\u00a0 Section Mu\u00dfbach \/ Baronnie du Palatinat qui a ouvert en f\u00e9vrier, suivie d&#8217;une rencontre dans le Herrenhof avec nettoyage du Mus\u00e9e des outils des vignerons et du Grand Pressior. Puis la visite du Salon des Vins des Vignerons ind\u00e9pendants Strasbourg\u00a0 en F\u00e9vrier. En mars tenue du Chapitre de Printemps\u00a0 dans le \u00ab\u00a0Herrenhof\u00a0\u00bb avec l&#8217;intronisation de 3 nouveaux Chevaliers : Bernard Sunnick , Ledul\u00e9 , Ba\u00dfler Herbert. En mai organisation d&#8217;une excursion\u00a0 en car\u00a0 avec la route des vins d\u2019Alsace. En Juin, excursion\/promenade \u00e0 pied \u00e0 travers les coteaux de Mu\u00dfbach suivi d\u2019une d\u00e9gustation des vins p\u00e9tillants du village. En juillet participation de Commandeurs au Chapitre d\u2019\u00e9t\u00e9 au\u00a0 Ch\u00e2teau de Suze-la-Rousse et le 10, participation \u00e0 la &#8220;F\u00eate de la Peau d\u2019\u00e2ne&#8221;\u00a0 avec\u00a0 d\u00e9fil\u00e9 dans les rues de Mu\u00dfbach suivant rencontre dans\u00a0 le Herrenhof. En septembre quand les vendanges ont commenc\u00e9 organisation d&#8217;une rencontre \u00e0 la Coop\u00e9rative \u00ab\u00a0Le vin Nouveau \u00a0\u00bb puis fin septembre autour du vin nouveau \u00ab\u00a0Fin des vendanges\u00a0\u00bb \u00e0 la Cave de la Coop\u00e9rative de Mu\u00dfbach aupr\u00e8s du pressoir. A la fin de l&#8217;ann\u00e9e , le 28 d\u00e9cembre a lieu la rencontre &#8220;Entre les ann\u00e9es&#8221; avec une petite excursion, d\u00e9part de la Place de la Provence et d\u00e9gustation du \u00ab vin chaud\u00a0\u00bb dans les vignes autour de l\u2019\u00e2ne et fin des manifestations annuelles dans \u00abl\u2019\u00e9table\u00bb du Herrenhof . <\/span><\/p>","protected":false},"excerpt":{"rendered":"<p>Sorry, this entry is only available in French. For the sake of viewer convenience, the content is shown below in the alternative language. You may click the link to switch the active language. Chapitres de l&#8217;ann\u00e9e 2015 A Mu\u00dfbach l&#8217;ann\u00e9e 2015 a \u00e9t\u00e9 \u00a0constell\u00e9e de nombreuses manifestations. Comme chaque ann\u00e9e c&#8217;est l&#8217;assembl\u00e9e g\u00e9n\u00e9rale de la\u00a0 Section Mu\u00dfbach \/ Baronnie du Palatinat qui a ouvert en f\u00e9vrier, suivie d&#8217;une rencontre dans le Herrenhof avec nettoyage du Mus\u00e9e des outils des vignerons et du Grand Pressior. Puis la visite du Salon des Vins des Vignerons ind\u00e9pendants Strasbourg\u00a0 en F\u00e9vrier. En mars tenue du Chapitre de Printemps\u00a0 dans le \u00ab\u00a0Herrenhof\u00a0\u00bb avec l&#8217;intronisation de 3 nouveaux Chevaliers : Bernard Sunnick , Ledul\u00e9 , Ba\u00dfler Herbert. En mai organisation d&#8217;une excursion\u00a0 en car\u00a0 avec la route des vins d\u2019Alsace. En Juin, excursion\/promenade \u00e0 pied \u00e0 travers les coteaux de Mu\u00dfbach suivi d\u2019une d\u00e9gustation des vins p\u00e9tillants du village. En juillet participation de Commandeurs au Chapitre d\u2019\u00e9t\u00e9 au\u00a0 Ch\u00e2teau de Suze-la-Rousse et le 10, participation \u00e0 la &#8220;F\u00eate de la Peau d\u2019\u00e2ne&#8221;\u00a0 avec\u00a0 d\u00e9fil\u00e9 dans les rues de Mu\u00dfbach suivant rencontre dans\u00a0 le Herrenhof. En septembre quand les vendanges ont commenc\u00e9 organisation d&#8217;une rencontre \u00e0 la Coop\u00e9rative \u00ab\u00a0Le vin Nouveau \u00a0\u00bb puis fin septembre autour du vin nouveau \u00ab\u00a0Fin des vendanges\u00a0\u00bb \u00e0 la Cave de la Coop\u00e9rative de Mu\u00dfbach aupr\u00e8s du pressoir. A la fin de l&#8217;ann\u00e9e , le 28 d\u00e9cembre a lieu la rencontre &#8220;Entre les ann\u00e9es&#8221; avec une petite excursion, d\u00e9part de la Place de la Provence et d\u00e9gustation du \u00ab vin chaud\u00a0\u00bb dans les vignes autour de l\u2019\u00e2ne et fin des manifestations annuelles dans \u00abl\u2019\u00e9table\u00bb du Herrenhof .<\/p>\n","protected":false},"author":13,"featured_media":0,"parent":136,"menu_order":0,"comment_status":"closed","ping_status":"closed","template":"","meta":[],"_links":{"self":[{"href":"https:\/\/commanderiecotesdurhone.fr\/en\/wp-json\/wp\/v2\/pages\/1046"}],"collection":[{"href":"https:\/\/commanderiecotesdurhone.fr\/en\/wp-json\/wp\/v2\/pages"}],"about":[{"href":"https:\/\/commanderiecotesdurhone.fr\/en\/wp-json\/wp\/v2\/types\/page"}],"author":[{"embeddable":true,"href":"https:\/\/commanderiecotesdurhone.fr\/en\/wp-json\/wp\/v2\/users\/13"}],"replies":[{"embeddable":true,"href":"https:\/\/commanderiecotesdurhone.fr\/en\/wp-json\/wp\/v2\/comments?post=1046"}],"version-history":[{"count":2,"href":"https:\/\/commanderiecotesdurhone.fr\/en\/wp-json\/wp\/v2\/pages\/1046\/revisions"}],"predecessor-version":[{"id":1122,"href":"https:\/\/commanderiecotesdurhone.fr\/en\/wp-json\/wp\/v2\/pages\/1046\/revisions\/1122"}],"up":[{"embeddable":true,"href":"https:\/\/commanderiecotesdurhone.fr\/en\/wp-json\/wp\/v2\/pages\/136"}],"wp:attachment":[{"href":"https:\/\/commanderiecotesdurhone.fr\/en\/wp-json\/wp\/v2\/media?parent=1046"}],"curies":[{"name":"wp","href":"https:\/\/api.w.org\/{rel}","templated":true}]}}