{"id":1042,"date":"2016-03-11T08:26:32","date_gmt":"2016-03-11T08:26:32","guid":{"rendered":"http:\/\/xobu5997.odns.fr\/?page_id=1042"},"modified":"2018-04-19T09:38:28","modified_gmt":"2018-04-19T09:38:28","slug":"chapitres","status":"publish","type":"page","link":"https:\/\/commanderiecotesdurhone.fr\/en\/les-baronnies\/la-baronnie-de-gand\/chapitres\/","title":{"rendered":"Chapitres"},"content":{"rendered":"<p class=\"qtranxs-available-languages-message qtranxs-available-languages-message-en\">Sorry, this entry is only available in <a href=\"https:\/\/commanderiecotesdurhone.fr\/fr\/wp-json\/wp\/v2\/pages\/1042\" class=\"qtranxs-available-language-link qtranxs-available-language-link-fr\" title=\"Fran\u00e7ais\">French<\/a>. For the sake of viewer convenience, the content is shown below in the alternative language. You may click the link to switch the active language.<\/p><blockquote>\n<h2 class=\"innerH2\" style=\"text-align: justify;\"><span style=\"font-size: 18pt;\">10\u00b0 Chapitre : 30 Janvier 2015<\/span><\/h2>\n<div class=\"clear\" style=\"text-align: justify;\"><span style=\"font-size: 18pt;\">La Baronnie de Gand de la Commanderie des Costes du Rh\u00f4ne essaye de cr\u00e9er quelque chose d&#8217;unique autour et avec les meilleurs vins du Rh\u00f4ne. Pour les n\u00e9ophytes nous organisons des Master class et\u00a0 pour les jeunes amateurs de vin enthousiastes, nous avons con\u00e7u un nouveau concept de d\u00e9gustation\u00a0: la\u00a0 G-Nuit, pour les \u00e9picuriens nous\u00a0 offrons\u00a0 un chapitre culinaire avec\u00a0 banquet de qualit\u00e9. Un choix vari\u00e9 pour tout le monde, o\u00f9 chaque fois la puissance et la finesse des vins du Rh\u00f4ne sont\u00a0 au centre des pr\u00e9occupations. C\u2019est ainsi que le vendredi 30 Janvier\u00a0 a eu lieu le\u00a0 10\u00e8me\u00a0 chapitre de la Baronnie de Gent. \u00c0 ce chapitre-banquet traditionnellement quelques invit\u00e9s\u00a0 sont intronis\u00e9s. Pour cette occasion festive\u00a0 nous avons fait chevaliers deux humoristes : Jan Matthys et Popko Ning Jean-Pierre Maeren. <\/span><\/div>\n<div class=\"clear\" style=\"text-align: justify;\"><span style=\"font-size: 18pt;\">La Baronnie de Gand\u00a0 a poursuivi en 2015\u00a0 <strong>le<a href=\"http:\/\/xobu5997.odns.fr\/wp-content\/uploads\/2016\/03\/21-Gand.jpg\"><img decoding=\"async\" loading=\"lazy\" class=\"size-medium wp-image-1793 alignright\" src=\"http:\/\/xobu5997.odns.fr\/wp-content\/uploads\/2016\/03\/21-Gand-300x201.jpg\" alt=\"21 - Gand\" width=\"300\" height=\"201\" \/><\/a>s Masterclass,<\/strong>\u00a0 \u00e9v\u00e9nements dans et autour des vins du Rh\u00f4ne. Apr\u00e8s deux s\u00e9ances de rouge (grenache et syrah), nous\u00a0 nous sommes concentr\u00e9s sur un raisin blanc le Viognier. La classe a eu lieu le mardi 28 Avril en soir\u00e9e, ce c\u00e9page a donc \u00e9t\u00e9 le\u00a0 le th\u00e8me de la soir\u00e9e. Les domaine suivants ont \u00e9t\u00e9 d\u00e9gust\u00e9s. Nord de la vall\u00e9e du Rh\u00f4ne: Fran\u00e7ois Villard, AOC Condrieu, &#8220;Terrasses du Palat &#8216;2012, Cave Yves Cuileron, AOC Condrieu &#8220;La Petite C\u00f4te&#8221; en 2012, Domaine Eric &amp; Joel Durand, Caprice &#8216;IGP Collines Rhodaniennes en 2012. Sud de la vall\u00e9e du Rh\u00f4ne: Domaine La Ferme St Pierre, en 2014, IGP Vaucluse, Domaine des Ondines, Emma Collection 2011, Vin de Table, Domaine Saint-Amant, La Tabardonne 2012, C\u00f4te du Rh\u00f4ne Villages, Domaine Canorgue, c\u00e9page Viognier 2013, Vin de Pays de M\u00e9diterran\u00e9e, Chateau Saint Stephen, Vionysos 2011, C\u00f4te du Rh\u00f4ne Villages, Les Terrasses d&#8217;Eole, Vent di Damo 2013 IGP M\u00e9diterran\u00e9e\u00a0 .<\/span><\/div>\n<\/blockquote>","protected":false},"excerpt":{"rendered":"<p>Sorry, this entry is only available in French. For the sake of viewer convenience, the content is shown below in the alternative language. You may click the link to switch the active language. 10\u00b0 Chapitre : 30 Janvier 2015 La Baronnie de Gand de la Commanderie des Costes du Rh\u00f4ne essaye de cr\u00e9er quelque chose d&#8217;unique autour et avec les meilleurs vins du Rh\u00f4ne. Pour les n\u00e9ophytes nous organisons des Master class et\u00a0 pour les jeunes amateurs de vin enthousiastes, nous avons con\u00e7u un nouveau concept de d\u00e9gustation\u00a0: la\u00a0 G-Nuit, pour les \u00e9picuriens nous\u00a0 offrons\u00a0 un chapitre culinaire avec\u00a0 banquet de qualit\u00e9. Un choix vari\u00e9 pour tout le monde, o\u00f9 chaque fois la puissance et la finesse des vins du Rh\u00f4ne sont\u00a0 au centre des pr\u00e9occupations. C\u2019est ainsi que le vendredi 30 Janvier\u00a0 a eu lieu le\u00a0 10\u00e8me\u00a0 chapitre de la Baronnie de Gent. \u00c0 ce chapitre-banquet traditionnellement quelques invit\u00e9s\u00a0 sont intronis\u00e9s. Pour cette occasion festive\u00a0 nous avons fait chevaliers deux humoristes : Jan Matthys et Popko Ning Jean-Pierre Maeren. La Baronnie de Gand\u00a0 a poursuivi en 2015\u00a0 les Masterclass,\u00a0 \u00e9v\u00e9nements dans et autour des vins du Rh\u00f4ne. Apr\u00e8s deux s\u00e9ances de rouge (grenache et syrah), nous\u00a0 nous sommes concentr\u00e9s sur un raisin blanc le Viognier. La classe a eu lieu le mardi 28 Avril en soir\u00e9e, ce c\u00e9page a donc \u00e9t\u00e9 le\u00a0 le th\u00e8me de la soir\u00e9e. Les domaine suivants ont \u00e9t\u00e9 d\u00e9gust\u00e9s. Nord de la vall\u00e9e du Rh\u00f4ne: Fran\u00e7ois Villard, AOC Condrieu, &#8220;Terrasses du Palat &#8216;2012, Cave Yves Cuileron, AOC Condrieu &#8220;La Petite C\u00f4te&#8221; en 2012, Domaine Eric &amp; Joel Durand, Caprice &#8216;IGP Collines Rhodaniennes en 2012. Sud de la vall\u00e9e du Rh\u00f4ne: Domaine La Ferme St Pierre, en 2014, IGP Vaucluse, Domaine des Ondines, Emma Collection 2011, Vin de Table, Domaine Saint-Amant, La Tabardonne 2012, C\u00f4te du Rh\u00f4ne Villages, Domaine Canorgue, c\u00e9page Viognier 2013, Vin de Pays de M\u00e9diterran\u00e9e, Chateau Saint Stephen, Vionysos 2011, C\u00f4te du Rh\u00f4ne Villages, Les Terrasses d&#8217;Eole, Vent di Damo 2013 IGP M\u00e9diterran\u00e9e\u00a0 .<\/p>\n","protected":false},"author":1,"featured_media":0,"parent":111,"menu_order":0,"comment_status":"closed","ping_status":"closed","template":"","meta":[],"_links":{"self":[{"href":"https:\/\/commanderiecotesdurhone.fr\/en\/wp-json\/wp\/v2\/pages\/1042"}],"collection":[{"href":"https:\/\/commanderiecotesdurhone.fr\/en\/wp-json\/wp\/v2\/pages"}],"about":[{"href":"https:\/\/commanderiecotesdurhone.fr\/en\/wp-json\/wp\/v2\/types\/page"}],"author":[{"embeddable":true,"href":"https:\/\/commanderiecotesdurhone.fr\/en\/wp-json\/wp\/v2\/users\/1"}],"replies":[{"embeddable":true,"href":"https:\/\/commanderiecotesdurhone.fr\/en\/wp-json\/wp\/v2\/comments?post=1042"}],"version-history":[{"count":12,"href":"https:\/\/commanderiecotesdurhone.fr\/en\/wp-json\/wp\/v2\/pages\/1042\/revisions"}],"predecessor-version":[{"id":2429,"href":"https:\/\/commanderiecotesdurhone.fr\/en\/wp-json\/wp\/v2\/pages\/1042\/revisions\/2429"}],"up":[{"embeddable":true,"href":"https:\/\/commanderiecotesdurhone.fr\/en\/wp-json\/wp\/v2\/pages\/111"}],"wp:attachment":[{"href":"https:\/\/commanderiecotesdurhone.fr\/en\/wp-json\/wp\/v2\/media?parent=1042"}],"curies":[{"name":"wp","href":"https:\/\/api.w.org\/{rel}","templated":true}]}}