{"id":1037,"date":"2016-03-11T08:23:41","date_gmt":"2016-03-11T08:23:41","guid":{"rendered":"http:\/\/xobu5997.odns.fr\/?page_id=1037"},"modified":"2016-05-13T14:33:53","modified_gmt":"2016-05-13T14:33:53","slug":"seoul","status":"publish","type":"page","link":"https:\/\/commanderiecotesdurhone.fr\/en\/les-baronnies\/seoul\/","title":{"rendered":"S\u00e9oul"},"content":{"rendered":"<p class=\"qtranxs-available-languages-message qtranxs-available-languages-message-en\">Sorry, this entry is only available in <a href=\"https:\/\/commanderiecotesdurhone.fr\/fr\/wp-json\/wp\/v2\/pages\/1037\" class=\"qtranxs-available-language-link qtranxs-available-language-link-fr\" title=\"Fran\u00e7ais\">French<\/a>. For the sake of viewer convenience, the content is shown below in the alternative language. You may click the link to switch the active language.<\/p><p style=\"text-align: justify;\"><span style=\"font-size: 18pt;\">La Baronnie de S\u00e9oul (Cor\u00e9e du Sud) a \u00e9t\u00e9 fond\u00e9e en 2013 &#8211; Premier Chapitre le 20 <\/span><span style=\"font-size: 18pt;\">novembre 2013.<a href=\"http:\/\/xobu5997.odns.fr\/wp-content\/uploads\/2015\/10\/seoul_big.png\"><img decoding=\"async\" loading=\"lazy\" class=\"size-full wp-image-146 alignright\" src=\"http:\/\/xobu5997.odns.fr\/wp-content\/uploads\/2015\/10\/seoul_big.png\" alt=\"seoul_big\" width=\"140\" height=\"194\" \/><\/a><\/span><span style=\"font-size: 18pt;\">\u00a0Le premier Consul, adoub\u00e9 en \u00a0juin 2013 est M.Lee Dong-Hyun, pr\u00e9sident de l\u2019\u00e9cole d\u2019\u0153nologie BWS de Gangnam<\/span><\/p>","protected":false},"excerpt":{"rendered":"<p>Sorry, this entry is only available in French. For the sake of viewer convenience, the content is shown below in the alternative language. You may click the link to switch the active language.La Baronnie de S\u00e9oul (Cor\u00e9e du Sud) a \u00e9t\u00e9 fond\u00e9e en 2013 &#8211; Premier Chapitre le 20 novembre 2013.\u00a0Le premier Consul, adoub\u00e9 en \u00a0juin 2013 est M.Lee Dong-Hyun, pr\u00e9sident de l\u2019\u00e9cole d\u2019\u0153nologie BWS de Gangnam<\/p>\n","protected":false},"author":11,"featured_media":0,"parent":98,"menu_order":0,"comment_status":"closed","ping_status":"closed","template":"","meta":[],"_links":{"self":[{"href":"https:\/\/commanderiecotesdurhone.fr\/en\/wp-json\/wp\/v2\/pages\/1037"}],"collection":[{"href":"https:\/\/commanderiecotesdurhone.fr\/en\/wp-json\/wp\/v2\/pages"}],"about":[{"href":"https:\/\/commanderiecotesdurhone.fr\/en\/wp-json\/wp\/v2\/types\/page"}],"author":[{"embeddable":true,"href":"https:\/\/commanderiecotesdurhone.fr\/en\/wp-json\/wp\/v2\/users\/11"}],"replies":[{"embeddable":true,"href":"https:\/\/commanderiecotesdurhone.fr\/en\/wp-json\/wp\/v2\/comments?post=1037"}],"version-history":[{"count":1,"href":"https:\/\/commanderiecotesdurhone.fr\/en\/wp-json\/wp\/v2\/pages\/1037\/revisions"}],"predecessor-version":[{"id":1038,"href":"https:\/\/commanderiecotesdurhone.fr\/en\/wp-json\/wp\/v2\/pages\/1037\/revisions\/1038"}],"up":[{"embeddable":true,"href":"https:\/\/commanderiecotesdurhone.fr\/en\/wp-json\/wp\/v2\/pages\/98"}],"wp:attachment":[{"href":"https:\/\/commanderiecotesdurhone.fr\/en\/wp-json\/wp\/v2\/media?parent=1037"}],"curies":[{"name":"wp","href":"https:\/\/api.w.org\/{rel}","templated":true}]}}