{"id":1031,"date":"2016-03-11T08:16:22","date_gmt":"2016-03-11T08:16:22","guid":{"rendered":"http:\/\/xobu5997.odns.fr\/?page_id=1031"},"modified":"2023-02-13T16:14:29","modified_gmt":"2023-02-13T16:14:29","slug":"commandeurs","status":"publish","type":"page","link":"https:\/\/commanderiecotesdurhone.fr\/en\/les-baronnies\/la-baronnie-de-montreux\/commandeurs\/","title":{"rendered":"Commandeurs"},"content":{"rendered":"<p class=\"qtranxs-available-languages-message qtranxs-available-languages-message-en\">Sorry, this entry is only available in <a href=\"https:\/\/commanderiecotesdurhone.fr\/fr\/wp-json\/wp\/v2\/pages\/1031\" class=\"qtranxs-available-language-link qtranxs-available-language-link-fr\" title=\"Fran\u00e7ais\">French<\/a>. For the sake of viewer convenience, the content is shown below in the alternative language. You may click the link to switch the active language.<\/p><blockquote>\n<h2 class=\"default nopadding \"><span style=\"font-size: 18pt;\">BARONNIE DE MONTREUX<\/span><\/h2>\n<div class=\"float-left\"><span style=\"font-size: 18pt;\">\u00a0Chemin du Cr\u00e9pon 56<br \/>\nCH \u2013 1815 Clarens<br \/>\nT\u00e9l\u00e9phone +41 79 607 71 07\u00a0<\/span><\/div>\n<div class=\"float-left\"><span style=\"font-size: 18pt;\">site :\u00a0<a style=\"color: #0000ff;\" href=\"http:\/\/www.baronnie-suisse.ch\/\" target=\"_blank\" rel=\"noopener\">http:\/\/www.baronnie-suisse.ch\/<\/a><br \/>\n<\/span><\/div>\n<div class=\"float-left\"><span style=\"font-size: 18pt;\">Courriel g\u00e9n\u00e9ral :\u00a0<a href=\"mailto:info@bschnider.com\" target=\"_blank\" rel=\"noopener\">info@bschnider.com<\/a><\/span><\/div>\n<\/blockquote>\n<blockquote>\n<div class=\"commanderList\">\n<div><\/div>\n<div class=\"fullName\"><span style=\"font-size: 18pt;\">Carrel G\u00e9rard,<\/span><\/div>\n<div class=\"rank\"><span style=\"font-size: 18pt;\">consul<\/span><\/div>\n<div class=\"eMail\"><span style=\"font-size: 18pt;\"><a href=\"mailto:info@bschnider.com\">info@bschnider.com<\/a><\/span><\/div>\n<div class=\"clear\"><\/div>\n<\/div>\n<div class=\"commanderList\">\n<div class=\"fullName\"><span style=\"font-size: 18pt;\">Assaf Thierry,<\/span><\/div>\n<div class=\"rank\"><span style=\"font-size: 18pt;\">commandeur<\/span><\/div>\n<div class=\"eMail\"><span style=\"font-size: 18pt;\"><a href=\"mailto:info@art-decho.ch\">info@art-decho.ch<\/a><\/span><\/div>\n<div class=\"clear\"><\/div>\n<\/div>\n<div class=\"commanderList\">\n<div class=\"fullName\"><span style=\"font-size: 18pt;\">Anton Ammann,<\/span><\/div>\n<div class=\"rank\"><span style=\"font-size: 18pt;\">commandeur<\/span><\/div>\n<div class=\"eMail\"><span style=\"font-size: 18pt;\"><a href=\"http:\/\/anton.ammann@expaa.ch\">anton.ammann@expaa.ch<\/a><\/span><\/div>\n<div class=\"clear\"><\/div>\n<\/div>\n<div class=\"clear\"><\/div>\n<div class=\"commanderList\">\n<div class=\"fullName\"><span style=\"font-size: 18pt;\">Daniel Lenherr,<\/span><\/div>\n<div class=\"rank\"><span style=\"font-size: 18pt;\">commandeur scribe<\/span><\/div>\n<div class=\"eMail\"><span style=\"font-size: 18pt;\"><a href=\"http:\/\/lenda@bluewin.ch\">lenda@bluewin.ch<\/a><\/span><\/div>\n<div class=\"clear\"><\/div>\n<\/div>\n<div class=\"commanderList\">\n<div class=\"fullName\"><span style=\"font-size: 18pt;\">Sanni\u00e9 Fran\u00e7ois,<\/span><\/div>\n<div class=\"rank\"><span style=\"font-size: 18pt;\">commandeur<\/span><\/div>\n<div class=\"eMail\"><span style=\"font-size: 18pt;\"><a href=\"http:\/\/sanniefrancois@gmail.com\">sanniefran\u00e7ois@gmail.com<\/a><\/span><\/div>\n<div class=\"clear\"><\/div>\n<\/div>\n<div class=\"commanderList\">\n<div class=\"eMail\"><\/div>\n<div class=\"clear\"><\/div>\n<\/div>\n<div class=\"commanderList\">\n<div class=\"fullName\"><span style=\"font-size: 18pt;\">Kuonen Pierre,<\/span><\/div>\n<div class=\"rank\"><span style=\"font-size: 18pt;\">commandeur<\/span><\/div>\n<div class=\"eMail\"><span style=\"font-size: 18pt;\"><a href=\"mailto:pierre.kuonen@hefr.ch\">pierre.kuonen@hefr.ch<\/a><\/span><\/div>\n<div class=\"eMail\"><\/div>\n<div class=\"clear\"><\/div>\n<\/div>\n<div class=\"commanderList\">\n<div class=\"fullName\"><span style=\"font-size: 18pt;\">Richard Ren\u00e9,<\/span><\/div>\n<div class=\"rank\"><span style=\"font-size: 18pt;\">commandeur<\/span><\/div>\n<div class=\"eMail\"><span style=\"font-size: 18pt;\"><a href=\"mailto:richard.rene@bluewin.ch\">richard.rene@bluewin.ch<\/a><\/span><\/div>\n<div class=\"clear\"><\/div>\n<\/div>\n<div class=\"commanderList\">\n<div class=\"fullName\"><span style=\"font-size: 18pt;\">Ronchi Serge,<\/span><\/div>\n<div class=\"rank\"><span style=\"font-size: 18pt;\">consul honoraire commandeur<\/span><\/div>\n<div class=\"eMail\"><span style=\"font-size: 18pt;\"><a href=\"mailto:serge.ronchi@bluewin.ch\">serge.ronchi@bluewin.ch<\/a><\/span><\/div>\n<\/div>\n<div class=\"eMail\"><\/div>\n<div class=\"commanderList\"><\/div>\n<div class=\"eMail\" style=\"text-align: justify;\"><\/div>\n<div class=\"commanderList\"><\/div>\n<\/blockquote>","protected":false},"excerpt":{"rendered":"<p>Sorry, this entry is only available in French. For the sake of viewer convenience, the content is shown below in the alternative language. You may click the link to switch the active language. BARONNIE DE MONTREUX \u00a0Chemin du Cr\u00e9pon 56 CH \u2013 1815 Clarens T\u00e9l\u00e9phone +41 79 607 71 07\u00a0 site :\u00a0http:\/\/www.baronnie-suisse.ch\/ Courriel g\u00e9n\u00e9ral :\u00a0info@bschnider.com Carrel G\u00e9rard, consul info@bschnider.com Assaf Thierry, commandeur info@art-decho.ch Anton Ammann, commandeur anton.ammann@expaa.ch Daniel Lenherr, commandeur scribe lenda@bluewin.ch Sanni\u00e9 Fran\u00e7ois, commandeur sanniefran\u00e7ois@gmail.com Kuonen Pierre, commandeur pierre.kuonen@hefr.ch Richard Ren\u00e9, commandeur richard.rene@bluewin.ch Ronchi Serge, consul honoraire commandeur serge.ronchi@bluewin.ch<\/p>\n","protected":false},"author":6,"featured_media":0,"parent":113,"menu_order":0,"comment_status":"closed","ping_status":"closed","template":"","meta":[],"_links":{"self":[{"href":"https:\/\/commanderiecotesdurhone.fr\/en\/wp-json\/wp\/v2\/pages\/1031"}],"collection":[{"href":"https:\/\/commanderiecotesdurhone.fr\/en\/wp-json\/wp\/v2\/pages"}],"about":[{"href":"https:\/\/commanderiecotesdurhone.fr\/en\/wp-json\/wp\/v2\/types\/page"}],"author":[{"embeddable":true,"href":"https:\/\/commanderiecotesdurhone.fr\/en\/wp-json\/wp\/v2\/users\/6"}],"replies":[{"embeddable":true,"href":"https:\/\/commanderiecotesdurhone.fr\/en\/wp-json\/wp\/v2\/comments?post=1031"}],"version-history":[{"count":9,"href":"https:\/\/commanderiecotesdurhone.fr\/en\/wp-json\/wp\/v2\/pages\/1031\/revisions"}],"predecessor-version":[{"id":4315,"href":"https:\/\/commanderiecotesdurhone.fr\/en\/wp-json\/wp\/v2\/pages\/1031\/revisions\/4315"}],"up":[{"embeddable":true,"href":"https:\/\/commanderiecotesdurhone.fr\/en\/wp-json\/wp\/v2\/pages\/113"}],"wp:attachment":[{"href":"https:\/\/commanderiecotesdurhone.fr\/en\/wp-json\/wp\/v2\/media?parent=1031"}],"curies":[{"name":"wp","href":"https:\/\/api.w.org\/{rel}","templated":true}]}}