{"id":1023,"date":"2016-03-11T08:14:03","date_gmt":"2016-03-11T08:14:03","guid":{"rendered":"http:\/\/xobu5997.odns.fr\/?page_id=1023"},"modified":"2022-01-31T10:25:51","modified_gmt":"2022-01-31T10:25:51","slug":"commandeurs","status":"publish","type":"page","link":"https:\/\/commanderiecotesdurhone.fr\/en\/les-baronnies\/montreal\/commandeurs\/","title":{"rendered":"Commandeurs"},"content":{"rendered":"<p class=\"qtranxs-available-languages-message qtranxs-available-languages-message-en\">Sorry, this entry is only available in <a href=\"https:\/\/commanderiecotesdurhone.fr\/fr\/wp-json\/wp\/v2\/pages\/1023\" class=\"qtranxs-available-language-link qtranxs-available-language-link-fr\" title=\"Fran\u00e7ais\">French<\/a>. For the sake of viewer convenience, the content is shown below in the alternative language. You may click the link to switch the active language.<\/p><blockquote>\n<h2 class=\"default nopadding \"><span style=\"font-size: 18pt\">BARONNIE DE MONTR\u00c9AL<\/span><\/h2>\n<div class=\"float-left\"><span style=\"font-size: 18pt\">&nbsp;<\/span><\/div>\n<p><span style=\"font-size: 18pt\">1150, rue de Bougainville<\/span><\/p>\n<p><span style=\"font-size: 18pt\">Saint-Bruno-de-Montarville (Qu\u00e9bec)<\/span><\/p>\n<p><span style=\"font-size: 18pt\">Canada&nbsp; &nbsp; &nbsp; &nbsp; &nbsp; &nbsp;<\/span><span style=\"font-size: 18pt\">J3V&nbsp; 3E7<\/span><\/p>\n<p><span style=\"font-size: 18pt\">N<sup>o<\/sup> de t\u00e9l\u00e9phone&nbsp;:&nbsp;&nbsp;&nbsp;&nbsp; 514 998-4416<\/span><\/p>\n<p style=\"text-align: left\"><span style=\"font-size: 18pt\">Courriel :&nbsp; &nbsp; <a href=\"mailto:commanderiemtl@videotron.ca\" target=\"_blank\" rel=\"noopener noreferrer\">commanderiemtl@videotron.ca<\/a>&nbsp;&nbsp;<\/span><\/p>\n<\/blockquote>\n<blockquote>\n<div class=\"commanderList\">\n<div class=\"rank\">\n<p><span style=\"font-size: 20px\">&nbsp;<\/span><\/p>\n<p><span style=\"font-size: 24px\">Henri Biard, Consul&nbsp; &nbsp; &nbsp; &nbsp; &nbsp; &nbsp; &nbsp; &nbsp; &nbsp; &nbsp; &nbsp; &nbsp; &nbsp; &nbsp; &nbsp; &nbsp; <a href=\"mailto:commanderiemtl@videotron.ca\">commanderiemtl@videotron.ca<\/a><\/span><\/p>\n<p><\/p>\n<p><span style=\"font-size: 24px\">Michelle Bouthillette, commandeur &nbsp;&nbsp;&nbsp; &nbsp;<a href=\"mailto:bouthillette.michelle@gmail.com\">bouthillette.michelle@gmail.com<\/a><\/span><\/p>\n<p><\/p>\n<p><span style=\"font-size: 24px\">Olivier Foussard, commandeur&nbsp;&nbsp;&nbsp; &nbsp;&nbsp;&nbsp;&nbsp;&nbsp;&nbsp;&nbsp;&nbsp;&nbsp; <a href=\"mailto:ofoussard@hotmail.com\">ofoussard@hotmail.com<\/a><\/span><\/p>\n<p><\/p>\n<p><span style=\"font-size: 24px\">Fran\u00e7ois Houde, commandeur&nbsp;&nbsp;&nbsp;&nbsp; &nbsp;&nbsp;&nbsp;&nbsp;&nbsp;&nbsp;&nbsp;&nbsp; &nbsp;<a href=\"mailto:francodivins@gmail.com\">francodivins@gmail.com<\/a><\/span><\/p>\n<p><\/p>\n<p><span style=\"font-size: 24px\">Ricardo Larriv\u00e9e, officier&nbsp;&nbsp;&nbsp;&nbsp;&nbsp;&nbsp;&nbsp;&nbsp;&nbsp;&nbsp;&nbsp;&nbsp;&nbsp;&nbsp; &nbsp;&nbsp;&nbsp;&nbsp;&nbsp;&nbsp;&nbsp;&nbsp;&nbsp;<a href=\"mailto:ricardo@ricardocuisine.com\"> ricardo@ricardocuisine.com<\/a>&nbsp;<\/span><\/p>\n<p><\/p>\n<p><span style=\"font-size: 24px\">Guy Poitras, commandeur&nbsp;&nbsp;&nbsp;&nbsp;&nbsp;&nbsp;&nbsp;&nbsp;&nbsp;&nbsp;&nbsp; &nbsp;&nbsp;&nbsp;&nbsp;&nbsp;&nbsp;&nbsp;&nbsp;&nbsp; guypoitras@me.com<\/span><\/p>\n<p><\/p>\n<p><span style=\"font-size: 24px\">Pierre-Alain Rodrigue, commandeur&nbsp;&nbsp;&nbsp; <a href=\"mailto:parodrigue@gmail.com\">parodrigue@gmail.com<\/a><\/span><\/p>\n<p><\/p>\n<p><span style=\"font-size: 24px\">R\u00e9al Wolfe officier&nbsp; &nbsp; &nbsp; &nbsp; &nbsp; &nbsp; &nbsp; &nbsp; &nbsp; &nbsp; &nbsp; &nbsp; &nbsp; &nbsp; &nbsp; &nbsp; <a href=\"mailto:real@smvcanada.ca\">&nbsp; real@smvcanada.ca <\/a><\/span><\/p>\n<p><\/p>\n<\/div>\n<\/div>\n<div class=\"commanderList\">\n<div class=\"eMail\">&nbsp;<\/div>\n<\/div>\n<\/blockquote>\n<p><span style=\"font-size: 24px\"><\/span><\/p>\n\n\n<p>l<\/p>","protected":false},"excerpt":{"rendered":"<p>Sorry, this entry is only available in French. For the sake of viewer convenience, the content is shown below in the alternative language. You may click the link to switch the active language. BARONNIE DE MONTR\u00c9AL &nbsp; 1150, rue de Bougainville Saint-Bruno-de-Montarville (Qu\u00e9bec) Canada&nbsp; &nbsp; &nbsp; &nbsp; &nbsp; &nbsp;J3V&nbsp; 3E7 No de t\u00e9l\u00e9phone&nbsp;:&nbsp;&nbsp;&nbsp;&nbsp; 514 998-4416 Courriel :&nbsp; &nbsp; commanderiemtl@videotron.ca&nbsp;&nbsp; &nbsp; Henri Biard, Consul&nbsp; &nbsp; &nbsp; &nbsp; &nbsp; &nbsp; &nbsp; &nbsp; &nbsp; &nbsp; &nbsp; &nbsp; &nbsp; &nbsp; &nbsp; &nbsp; commanderiemtl@videotron.ca Michelle Bouthillette, commandeur &nbsp;&nbsp;&nbsp; &nbsp;bouthillette.michelle@gmail.com Olivier Foussard, commandeur&nbsp;&nbsp;&nbsp; &nbsp;&nbsp;&nbsp;&nbsp;&nbsp;&nbsp;&nbsp;&nbsp;&nbsp; ofoussard@hotmail.com Fran\u00e7ois Houde, commandeur&nbsp;&nbsp;&nbsp;&nbsp; &nbsp;&nbsp;&nbsp;&nbsp;&nbsp;&nbsp;&nbsp;&nbsp; &nbsp;francodivins@gmail.com Ricardo Larriv\u00e9e, officier&nbsp;&nbsp;&nbsp;&nbsp;&nbsp;&nbsp;&nbsp;&nbsp;&nbsp;&nbsp;&nbsp;&nbsp;&nbsp;&nbsp; &nbsp;&nbsp;&nbsp;&nbsp;&nbsp;&nbsp;&nbsp;&nbsp;&nbsp; ricardo@ricardocuisine.com&nbsp; Guy Poitras, commandeur&nbsp;&nbsp;&nbsp;&nbsp;&nbsp;&nbsp;&nbsp;&nbsp;&nbsp;&nbsp;&nbsp; &nbsp;&nbsp;&nbsp;&nbsp;&nbsp;&nbsp;&nbsp;&nbsp;&nbsp; guypoitras@me.com Pierre-Alain Rodrigue, commandeur&nbsp;&nbsp;&nbsp; parodrigue@gmail.com R\u00e9al Wolfe officier&nbsp; &nbsp; &nbsp; &nbsp; &nbsp; &nbsp; &nbsp; &nbsp; &nbsp; &nbsp; &nbsp; &nbsp; &nbsp; &nbsp; &nbsp; &nbsp; &nbsp; real@smvcanada.ca &nbsp; l<\/p>\n","protected":false},"author":9,"featured_media":0,"parent":162,"menu_order":0,"comment_status":"closed","ping_status":"closed","template":"","meta":[],"_links":{"self":[{"href":"https:\/\/commanderiecotesdurhone.fr\/en\/wp-json\/wp\/v2\/pages\/1023"}],"collection":[{"href":"https:\/\/commanderiecotesdurhone.fr\/en\/wp-json\/wp\/v2\/pages"}],"about":[{"href":"https:\/\/commanderiecotesdurhone.fr\/en\/wp-json\/wp\/v2\/types\/page"}],"author":[{"embeddable":true,"href":"https:\/\/commanderiecotesdurhone.fr\/en\/wp-json\/wp\/v2\/users\/9"}],"replies":[{"embeddable":true,"href":"https:\/\/commanderiecotesdurhone.fr\/en\/wp-json\/wp\/v2\/comments?post=1023"}],"version-history":[{"count":19,"href":"https:\/\/commanderiecotesdurhone.fr\/en\/wp-json\/wp\/v2\/pages\/1023\/revisions"}],"predecessor-version":[{"id":3925,"href":"https:\/\/commanderiecotesdurhone.fr\/en\/wp-json\/wp\/v2\/pages\/1023\/revisions\/3925"}],"up":[{"embeddable":true,"href":"https:\/\/commanderiecotesdurhone.fr\/en\/wp-json\/wp\/v2\/pages\/162"}],"wp:attachment":[{"href":"https:\/\/commanderiecotesdurhone.fr\/en\/wp-json\/wp\/v2\/media?parent=1023"}],"curies":[{"name":"wp","href":"https:\/\/api.w.org\/{rel}","templated":true}]}}