{"id":1021,"date":"2016-03-11T08:13:40","date_gmt":"2016-03-11T08:13:40","guid":{"rendered":"http:\/\/xobu5997.odns.fr\/?page_id=1021"},"modified":"2025-10-21T08:46:10","modified_gmt":"2025-10-21T08:46:10","slug":"commandeurs","status":"publish","type":"page","link":"https:\/\/commanderiecotesdurhone.fr\/en\/les-baronnies\/la-baronnie-de-gand\/commandeurs\/","title":{"rendered":"Commandeurs"},"content":{"rendered":"<p class=\"qtranxs-available-languages-message qtranxs-available-languages-message-en\">Sorry, this entry is only available in <a href=\"https:\/\/commanderiecotesdurhone.fr\/fr\/wp-json\/wp\/v2\/pages\/1021\" class=\"qtranxs-available-language-link qtranxs-available-language-link-fr\" title=\"Fran\u00e7ais\">French<\/a>. For the sake of viewer convenience, the content is shown below in the alternative language. You may click the link to switch the active language.<\/p><blockquote>\n<h2 class=\"default nopadding \"><span style=\"font-size: 18pt;\">BARONNIE DE GAND<\/span><\/h2>\n<div class=\"float-left\"><span style=\"font-size: 18pt;\">\u00a0<\/span><\/div>\n<p><span style=\"font-size: 18pt;\">Coupure rechts 224<\/span><br \/>\n<span style=\"font-size: 18pt;\"> B-9000 Gand Belgique<\/span><\/p>\n<p><span style=\"font-size: 18pt;\">T\u00e9l\u00e9phone +32 92 33 91 88<\/span><br \/>\n<span style=\"font-size: 18pt;\"> T\u00e9l\u00e9copieur +32 92 25 75 17<\/span><\/p>\n<p><span style=\"font-size: 18pt;\"><a href=\"http:\/\/www.baroniegent.eu\" target=\"_blank\" rel=\"noopener\">\u00a0www.baroniegent.eu<\/a><\/span><\/p>\n<div class=\"commanderList\"><span style=\"font-size: 24px;\">Devriendt Erwin,<\/span><br \/>\n<span style=\"font-size: 24px;\">Consul<\/span><\/div>\n<div><span style=\"font-size: 24px;\"><a href=\"erwin.devriendt@erdev.be\">erwin.devriendt@erdev.be<\/a><\/span><\/div>\n<div class=\"commanderList\">\n<p><span style=\"font-size: 18pt;\">Tielemans Philippe,<\/span><br \/>\n<span style=\"font-size: 18pt;\">Consul honoraire\u00a0<\/span><br \/>\n<a href=\"mailto:philippe.tielemans@skynet.be\"><span style=\"font-size: 18pt;\">philippe.tielemans@skynet.be<\/span><\/a><br \/>\n<span style=\"font-size: 18pt;\">\u00a0<\/span><br \/>\n<span style=\"font-size: 18pt;\">Strosse Bernard,<\/span><br \/>\n<span style=\"font-size: 18pt;\">Commandeur<\/span><br \/>\n<a href=\"mailto:bernard.strosse@syntra-mvl.be\"><span style=\"font-size: 18pt;\">bernard.strosse@syntra-mvl.be<\/span><\/a><br \/>\n<span style=\"font-size: 18pt;\">\u00a0<\/span><br \/>\n<span style=\"font-size: 18pt;\">Wiemme Luc,<\/span><br \/>\n<span style=\"font-size: 18pt;\">Commandeur<\/span><br \/>\n<a href=\"mailto:luc.wiemme@skynet.be\"><span style=\"font-size: 18pt;\">luc.wiemme@skynet.be<\/span><\/a><br \/>\n<span style=\"font-size: 18pt;\">\u00a0<\/span><br \/>\n<span style=\"font-size: 18pt;\">Van der Poorten Filip,<\/span><br \/>\n<span style=\"font-size: 18pt;\">Commandeur<\/span><br \/>\n<a href=\"mailto:filip@vanderpoorten.nl\"><span style=\"font-size: 18pt;\">filip@vanderpoorten.nl<\/span><\/a><br \/>\n<span style=\"font-size: 18pt;\">\u00a0<\/span><br \/>\n<span style=\"font-size: 18pt;\">Plancke Stefanie,<\/span><br \/>\n<span style=\"font-size: 18pt;\">Commandeur<\/span><br \/>\n<a href=\"mailto:stefanie@lambrechtwijnen.be\"><span style=\"font-size: 18pt;\">stefanie@lambrechtwijnen.be<\/span><\/a><br \/>\n<span style=\"font-size: 18pt;\">\u00a0<\/span><br \/>\n<span style=\"font-size: 18pt;\">Van Canegem Bart,<\/span><br \/>\n<span style=\"font-size: 18pt;\">Commandeur<\/span><br \/>\n<a href=\"mailto:bart.van.canegem@telenet.be\"><span style=\"font-size: 18pt;\">bart.van.canegem@telenet.be<\/span><\/a><\/p>\n<\/div>\n<div class=\"commanderList\"><\/div>\n<\/blockquote>","protected":false},"excerpt":{"rendered":"<p>Sorry, this entry is only available in French. For the sake of viewer convenience, the content is shown below in the alternative language. You may click the link to switch the active language. BARONNIE DE GAND \u00a0 Coupure rechts 224 B-9000 Gand Belgique T\u00e9l\u00e9phone +32 92 33 91 88 T\u00e9l\u00e9copieur +32 92 25 75 17 \u00a0www.baroniegent.eu Devriendt Erwin, Consul erwin.devriendt@erdev.be Tielemans Philippe, Consul honoraire\u00a0 philippe.tielemans@skynet.be \u00a0 Strosse Bernard, Commandeur bernard.strosse@syntra-mvl.be \u00a0 Wiemme Luc, Commandeur luc.wiemme@skynet.be \u00a0 Van der Poorten Filip, Commandeur filip@vanderpoorten.nl \u00a0 Plancke Stefanie, Commandeur stefanie@lambrechtwijnen.be \u00a0 Van Canegem Bart, Commandeur bart.van.canegem@telenet.be<\/p>\n","protected":false},"author":1,"featured_media":0,"parent":111,"menu_order":0,"comment_status":"closed","ping_status":"closed","template":"","meta":[],"_links":{"self":[{"href":"https:\/\/commanderiecotesdurhone.fr\/en\/wp-json\/wp\/v2\/pages\/1021"}],"collection":[{"href":"https:\/\/commanderiecotesdurhone.fr\/en\/wp-json\/wp\/v2\/pages"}],"about":[{"href":"https:\/\/commanderiecotesdurhone.fr\/en\/wp-json\/wp\/v2\/types\/page"}],"author":[{"embeddable":true,"href":"https:\/\/commanderiecotesdurhone.fr\/en\/wp-json\/wp\/v2\/users\/1"}],"replies":[{"embeddable":true,"href":"https:\/\/commanderiecotesdurhone.fr\/en\/wp-json\/wp\/v2\/comments?post=1021"}],"version-history":[{"count":14,"href":"https:\/\/commanderiecotesdurhone.fr\/en\/wp-json\/wp\/v2\/pages\/1021\/revisions"}],"predecessor-version":[{"id":4686,"href":"https:\/\/commanderiecotesdurhone.fr\/en\/wp-json\/wp\/v2\/pages\/1021\/revisions\/4686"}],"up":[{"embeddable":true,"href":"https:\/\/commanderiecotesdurhone.fr\/en\/wp-json\/wp\/v2\/pages\/111"}],"wp:attachment":[{"href":"https:\/\/commanderiecotesdurhone.fr\/en\/wp-json\/wp\/v2\/media?parent=1021"}],"curies":[{"name":"wp","href":"https:\/\/api.w.org\/{rel}","templated":true}]}}