{"id":10,"date":"2015-10-14T08:09:13","date_gmt":"2015-10-14T08:09:13","guid":{"rendered":"http:\/\/xobu5997.odns.fr\/?page_id=10"},"modified":"2022-08-02T10:03:23","modified_gmt":"2022-08-02T10:03:23","slug":"historique","status":"publish","type":"page","link":"https:\/\/commanderiecotesdurhone.fr\/en\/la-commanderie-en-france\/historique\/","title":{"rendered":"Historic"},"content":{"rendered":"<blockquote>\n<p style=\"text-align: justify\"><span style=\"font-size: 24px\">This is the Ch\u00e2teau de Rochegude than 40 years ago, few companions decided to rebirth the brotherhoods of the past under the single term of &#8220;Commanderie des Costes du Rhone.&#8221;<\/span><\/p>\n<p style=\"text-align: justify\">\n<span style=\"font-size: 24px\"><em>Chevalier Pierre Arditi, french actor<\/em><a href=\"http:\/\/xobu5997.odns.fr\/la-commanderie-en-france\/historique\/attachment\/04\/\" rel=\"attachment wp-att-3196\"><img decoding=\"async\" loading=\"lazy\" class=\"size-medium wp-image-3196 alignleft\" src=\"http:\/\/xobu5997.odns.fr\/wp-content\/uploads\/2018\/10\/04-300x196.jpg\" alt=\"\" width=\"300\" height=\"196\" srcset=\"https:\/\/commanderiecotesdurhone.fr\/wp-content\/uploads\/2018\/10\/04-300x196.jpg 300w, https:\/\/commanderiecotesdurhone.fr\/wp-content\/uploads\/2018\/10\/04-768x502.jpg 768w, https:\/\/commanderiecotesdurhone.fr\/wp-content\/uploads\/2018\/10\/04-1024x669.jpg 1024w, https:\/\/commanderiecotesdurhone.fr\/wp-content\/uploads\/2018\/10\/04.jpg 1773w\" sizes=\"(max-width: 300px) 100vw, 300px\" \/><\/a><\/span><\/p>\n<p style=\"text-align: justify\"><span style=\"font-size: 24px\">Today there are more than 4,000 Knights around Patrick GALANT, from all backgrounds and who have sworn to &#8220;serve faithfully and loyally the wines of C\u00f4tes du Rh\u00f4ne&#8221;.<\/span><br \/>\n<span style=\"font-size: 24px\">Each chapter is a priceless encounter between the grantee and this authentic civilization of wine which carries the brotherhood.<\/span><br \/>\n<span style=\"font-size: 24px\">Cotes du Rhone ! Who will tell the great brotherhood of the river, the miracle of bridges, the destiny of the stones, the fresco of the history and the work of men?<\/span><br \/>\n<span style=\"font-size: 24px\">On these &#8220;C\u00f4tes&#8221; more than elsewhere, over the centuries, has woven between man and wine intimate complicity, more than elsewhere, the wine, this fiery liquor wild pink, garnet, copper , with subtle gold, this liquor that steals the blood and sun arpeggio its nuances, is the hospitable man, generous and enthusiastic.<\/span><br \/>\n<span style=\"font-size: 24px\">In this sweet Provence where we like virgin oil, wine and rested the last honey, friendship is legendary, a true friendship, warm and sunny which is the golden rule of the Commanderie.<\/span><br \/>\n<span style=\"font-size: 24px\">La Commanderie des Costes du Rhone which, by the dedication, drive and perseverance of wine professionals, sensitized<\/span><br \/>\n<span style=\"font-size: 24px\">communication and promotion, has become an operational structure, stable and self-contained in terms of material contingencies with the help of the inter.<\/span><br \/>\n<span style=\"font-size: 24px\">It helps to give the public a better knowledge of the wines of the appellation.<\/span><br \/>\n<span style=\"font-size: 24px\">She reminded the winemaker behind any modern winemaker, dignity, nobility of a product which he could see only the economic side.<\/span><br \/>\n<span style=\"font-size: 24px\">It is an incomparable institutional promotion tool that beyond advertising, yet unavoidable, gives a festive promotion approach.<\/span><br \/>\n<span style=\"font-size: 24px\">La Commanderie falls primarily in an identity approach. This approach, far from being backward-looking, cultivates creativity in the use of the regional cultural heritage. Are referring to the know-how accumulated by winemakers sometimes for generations. In this sense, the Commanders appointed for life, are carriers of the collective memory of the wine culture. Through their experience in the wine business, they are the profession&#8217;s memory.<\/span><br \/>\n<span style=\"font-size: 24px\">The Commandery, its rituals, its pageantry and its attachment to the historic site of Suze la Rousse Castle are the symbols necessary to reach a public increasingly applicant.<\/span><br \/>\n<span style=\"font-size: 24px\">By organizing quality events (chapters) in a prestigious setting, unique to<a href=\"http:\/\/xobu5997.odns.fr\/un-45-anniversaire-et-un-mondial-reussis\/30-06\/\" rel=\"attachment wp-att-3147\"><img decoding=\"async\" loading=\"lazy\" class=\"size-medium wp-image-3147 alignright\" src=\"http:\/\/xobu5997.odns.fr\/wp-content\/uploads\/2018\/07\/30.06-300x200.jpg\" alt=\"\" width=\"300\" height=\"200\" srcset=\"https:\/\/commanderiecotesdurhone.fr\/wp-content\/uploads\/2018\/07\/30.06-300x200.jpg 300w, https:\/\/commanderiecotesdurhone.fr\/wp-content\/uploads\/2018\/07\/30.06-768x512.jpg 768w, https:\/\/commanderiecotesdurhone.fr\/wp-content\/uploads\/2018\/07\/30.06-1024x682.jpg 1024w, https:\/\/commanderiecotesdurhone.fr\/wp-content\/uploads\/2018\/07\/30.06.jpg 1280w\" sizes=\"(max-width: 300px) 100vw, 300px\" \/><\/a> create authenticity and emotion for the participating persons, the Commandery offers them unforgettable memories and gives them a sense of belonging to the Family C\u00f4tes du Rh\u00f4ne.<\/span><br \/>\n<span style=\"font-size: 24px\">Unlike many fraternities often representative of a single village, the Commanderie des Costes du Rhone depends on no steeple, but represents the entire name that spans six departments and has nearly 12,000 growers. In total 15 crus (Beaumes de Venise, Chateauneuf du Pape, Gigondas, Vacqueyras, Vinsobres, Tavel, Lirac, C\u00f4te R\u00f4tie, Condrieu, St. Joseph, Hermitage, Crozes Hermitage, Cornas, Saint P\u00e9ray, Ch\u00e2teau Grillet), many Appellations Villages and Regional Appellation.<\/span><br \/>\n<span style=\"font-size: 24px\">The major asset of the Commandery is to work for the cohesion of the appellation through the diversity of its production.<\/span><br \/>\n<span style=\"font-size: 24px\">Members of the Commanderie des Costes du Rhone, always aware of promotional events emanating from the Commanderie or other organizations of the wine world, are also channels of information to the outside, through their own network of relationships.<\/span><br \/>\n<span style=\"font-size: 24px\">With 4000 Knights distributed worldwide, the Commanderie has created an international friendship string that represents a force of appellation wines.<\/span><br \/>\n<span style=\"font-size: 24px\">Its presence abroad (Canada, SouthKorea, Palatinate, USA, Belgium, Switzerland,China,) mark the international opening and its ability to export wine and civilization throughout the region C\u00f4tes du Rh\u00f4ne beyond our borders.<\/span><br \/>\n<span style=\"font-size: 24px\">This brotherhood is expressed through the privileged welcome to the Knights French and Foreigners visiting the region C\u00f4tes du Rh\u00f4ne or in countries where are installed the various baronies.<\/span><br \/>\n<span style=\"font-size: 24px\">The inductions are part of an immutable ceremony in which each inductee (knight or officer) will have previously listened carefully to the speech of the Grand Master calling him the Blessing of Bacchus and St. Vincent.<\/span><br \/>\n<span style=\"font-size: 24px\"><a href=\"http:\/\/xobu5997.odns.fr\/caravage\/\" rel=\"attachment wp-att-2437\"><img decoding=\"async\" loading=\"lazy\" class=\"size-medium wp-image-2437 alignleft\" src=\"http:\/\/xobu5997.odns.fr\/wp-content\/uploads\/2018\/04\/caravage-258x300.jpg\" alt=\"\" width=\"258\" height=\"300\" srcset=\"https:\/\/commanderiecotesdurhone.fr\/wp-content\/uploads\/2018\/04\/caravage-258x300.jpg 258w, https:\/\/commanderiecotesdurhone.fr\/wp-content\/uploads\/2018\/04\/caravage.jpg 600w\" sizes=\"(max-width: 258px) 100vw, 258px\" \/><\/a>&#8220;Listen to me Bacchus, master presses.<\/span><br \/>\n<span style=\"font-size: 24px\">Come with us welcome these new followers of your religion.<\/span><br \/>\n<span style=\"font-size: 24px\">And do they show themselves worthy.<\/span><br \/>\n<span style=\"font-size: 24px\">They drink with wisdom and reason, without ever going to drunkenness<\/span><br \/>\n<span style=\"font-size: 24px\">To taste all the joys our wine<\/span><br \/>\n<span style=\"font-size: 24px\">Whether they do know and appreciate about their<\/span><br \/>\n<span style=\"font-size: 24px\">They defend it when it is disparaged<\/span><br \/>\n<span style=\"font-size: 24px\">Finally they like and do their favorite drink.<\/span><br \/>\n<span style=\"font-size: 24px\">As for you, great Saint Vincent, patron saint of winemakers<\/span><br \/>\n<span style=\"font-size: 24px\">Teach them to open the door of our cellars<\/span><br \/>\n<span style=\"font-size: 24px\">Each wine house is welcoming their<\/span><br \/>\n<span style=\"font-size: 24px\">Let them learn reading open book hard work that goes from the vine to the press.<\/span><br \/>\n<span style=\"font-size: 24px\">But tell them also and especially the joy of singing new wine<\/span><br \/>\n<span style=\"font-size: 24px\">In the plump glass, the charm of the venerable bottles or sleeping The fireworks of our land.&#8221;<\/span><br \/>\n<span style=\"font-size: 24px\">By swearing to faithfully defend the cause of wine and C\u00f4tes du Rh\u00f4ne&#8221; Each inductee joined the commitment of each confrere to create a chain of international friendship that represents a force of our wines.<\/span><\/p>\n<\/blockquote>","protected":false},"excerpt":{"rendered":"<p>This is the Ch\u00e2teau de Rochegude than 40 years ago, few companions decided to rebirth the brotherhoods of the past under the single term of &#8220;Commanderie des Costes du Rhone.&#8221; Chevalier Pierre Arditi, french actor Today there are more than 4,000 Knights around Patrick GALANT, from all backgrounds and who have sworn to &#8220;serve faithfully and loyally the wines of C\u00f4tes du Rh\u00f4ne&#8221;. Each chapter is a priceless encounter between the grantee and this authentic civilization of wine which carries the brotherhood. Cotes du Rhone ! Who will tell the great brotherhood of the river, the miracle of bridges, the destiny of the stones, the fresco of the history and the work of men? On these &#8220;C\u00f4tes&#8221; more than elsewhere, over the centuries, has woven between man and wine intimate complicity, more than elsewhere, the wine, this fiery liquor wild pink, garnet, copper , with subtle gold, this liquor that steals the blood and sun arpeggio its nuances, is the hospitable man, generous and enthusiastic. In this sweet Provence where we like virgin oil, wine and rested the last honey, friendship is legendary, a true friendship, warm and sunny which is the golden rule of the Commanderie. La Commanderie des Costes du Rhone which, by the dedication, drive and perseverance of wine professionals, sensitized communication and promotion, has become an operational structure, stable and self-contained in terms of material contingencies with the help of the inter. It helps to give the public a better knowledge of the wines of the appellation. She reminded the winemaker behind any modern winemaker, dignity, nobility of a product which he could see only the economic side. It is an incomparable institutional promotion tool that beyond advertising, yet unavoidable, gives a festive promotion approach. La Commanderie falls primarily in an identity approach. This approach, far from being backward-looking, cultivates creativity in the use of the regional cultural heritage. Are referring to the know-how accumulated by winemakers sometimes for generations. In this sense, the Commanders appointed for life, are carriers of the collective memory of the wine culture. Through their experience in the wine business, they are the profession&#8217;s memory. The Commandery, its rituals, its pageantry and its attachment to the historic site of Suze la Rousse Castle are the symbols necessary to reach a public increasingly applicant. By organizing quality events (chapters) in a prestigious setting, unique to create authenticity and emotion for the participating persons, the Commandery offers them unforgettable memories and gives them a sense of belonging to the Family C\u00f4tes du Rh\u00f4ne. Unlike many fraternities often representative of a single village, the Commanderie des Costes du Rhone depends on no steeple, but represents the entire name that spans six departments and has nearly 12,000 growers. In total 15 crus (Beaumes de Venise, Chateauneuf du Pape, Gigondas, Vacqueyras, Vinsobres, Tavel, Lirac, C\u00f4te R\u00f4tie, Condrieu, St. Joseph, Hermitage, Crozes Hermitage, Cornas, Saint P\u00e9ray, Ch\u00e2teau Grillet), many Appellations Villages and Regional Appellation. The major asset of the Commandery is to work for the cohesion of the appellation through the diversity of its production. Members of the Commanderie des Costes du Rhone, always aware of promotional events emanating from the Commanderie or other organizations of the wine world, are also channels of information to the outside, through their own network of relationships. With 4000 Knights distributed worldwide, the Commanderie has created an international friendship string that represents a force of appellation wines. Its presence abroad (Canada, SouthKorea, Palatinate, USA, Belgium, Switzerland,China,) mark the international opening and its ability to export wine and civilization throughout the region C\u00f4tes du Rh\u00f4ne beyond our borders. This brotherhood is expressed through the privileged welcome to the Knights French and Foreigners visiting the region C\u00f4tes du Rh\u00f4ne or in countries where are installed the various baronies. The inductions are part of an immutable ceremony in which each inductee (knight or officer) will have previously listened carefully to the speech of the Grand Master calling him the Blessing of Bacchus and St. Vincent. &#8220;Listen to me Bacchus, master presses. Come with us welcome these new followers of your religion. And do they show themselves worthy. They drink with wisdom and reason, without ever going to drunkenness To taste all the joys our wine Whether they do know and appreciate about their They defend it when it is disparaged Finally they like and do their favorite drink. As for you, great Saint Vincent, patron saint of winemakers Teach them to open the door of our cellars Each wine house is welcoming their Let them learn reading open book hard work that goes from the vine to the press. But tell them also and especially the joy of singing new wine In the plump glass, the charm of the venerable bottles or sleeping The fireworks of our land.&#8221; By swearing to faithfully defend the cause of wine and C\u00f4tes du Rh\u00f4ne&#8221; Each inductee joined the commitment of each confrere to create a chain of international friendship that represents a force of our wines.<\/p>\n","protected":false},"author":1,"featured_media":0,"parent":8,"menu_order":0,"comment_status":"closed","ping_status":"closed","template":"","meta":[],"_links":{"self":[{"href":"https:\/\/commanderiecotesdurhone.fr\/en\/wp-json\/wp\/v2\/pages\/10"}],"collection":[{"href":"https:\/\/commanderiecotesdurhone.fr\/en\/wp-json\/wp\/v2\/pages"}],"about":[{"href":"https:\/\/commanderiecotesdurhone.fr\/en\/wp-json\/wp\/v2\/types\/page"}],"author":[{"embeddable":true,"href":"https:\/\/commanderiecotesdurhone.fr\/en\/wp-json\/wp\/v2\/users\/1"}],"replies":[{"embeddable":true,"href":"https:\/\/commanderiecotesdurhone.fr\/en\/wp-json\/wp\/v2\/comments?post=10"}],"version-history":[{"count":30,"href":"https:\/\/commanderiecotesdurhone.fr\/en\/wp-json\/wp\/v2\/pages\/10\/revisions"}],"predecessor-version":[{"id":4009,"href":"https:\/\/commanderiecotesdurhone.fr\/en\/wp-json\/wp\/v2\/pages\/10\/revisions\/4009"}],"up":[{"embeddable":true,"href":"https:\/\/commanderiecotesdurhone.fr\/en\/wp-json\/wp\/v2\/pages\/8"}],"wp:attachment":[{"href":"https:\/\/commanderiecotesdurhone.fr\/en\/wp-json\/wp\/v2\/media?parent=10"}],"curies":[{"name":"wp","href":"https:\/\/api.w.org\/{rel}","templated":true}]}}